{"id":811,"date":"2022-10-17T11:51:06","date_gmt":"2022-10-17T11:51:06","guid":{"rendered":"https:\/\/letraitdunionbernay.fr\/?page_id=811"},"modified":"2026-01-10T20:25:50","modified_gmt":"2026-01-10T20:25:50","slug":"infos-pratique","status":"publish","type":"page","link":"https:\/\/letraitdunionbernay.fr\/?page_id=811","title":{"rendered":"Infos pratiques"},"content":{"rendered":"\n<div class=\"wp-block-columns is-layout-flex wp-container-core-columns-is-layout-28f84493 wp-block-columns-is-layout-flex\">\n<div class=\"wp-block-column is-layout-flow wp-block-column-is-layout-flow\" style=\"flex-basis:300px\">\n<figure class=\"wp-block-image size-full\"><img fetchpriority=\"high\" decoding=\"async\" width=\"706\" height=\"618\" src=\"https:\/\/letraitdunionbernay.fr\/wp-content\/uploads\/2026\/01\/horaires.jpg\" alt=\"\" class=\"wp-image-1452\" srcset=\"https:\/\/letraitdunionbernay.fr\/wp-content\/uploads\/2026\/01\/horaires.jpg 706w, https:\/\/letraitdunionbernay.fr\/wp-content\/uploads\/2026\/01\/horaires-300x263.jpg 300w\" sizes=\"(max-width: 706px) 100vw, 706px\" \/><\/figure>\n<\/div>\n\n\n\n<div class=\"wp-block-column is-layout-flow wp-block-column-is-layout-flow\">\n<p class=\"has-text-align-center\" style=\"font-size:18px\"><span class=\"tadv-color\" style=\"color:#942081\">Le Trait d&rsquo;Union est une association anim\u00e9e par des b\u00e9n\u00e9voles. L&rsquo;adh\u00e9sion co\u00fbte seulement 10\u20ac par an et vous permet de venir boire un verre et\/ou de participer aux activit\u00e9s quand vous voulez.<\/span><\/p>\n\n\n\n<p class=\"has-text-align-center\" style=\"font-size:18px\"><span style=\"color:#e83c48\" class=\"tadv-color\">Devenez b\u00e9n\u00e9vole pour l&rsquo;accueil et le service au comptoir : \u00e9crivez \u00e0 <strong>cafeassobernay@gmail.com<\/strong><\/span><\/p>\n\n\n\n<p class=\"has-text-align-center\" style=\"font-size:18px\"><span style=\"color:#f49200\" class=\"tadv-color\">Proposez un atelier ou une activit\u00e9 au T-U : \u00e9crivez \u00e0 <strong>activitetu@gmail.com<\/strong><\/span><\/p>\n<\/div>\n<\/div>\n\n\n\n<h1 class=\"wp-block-heading has-text-align-center has-text-color\" style=\"color:#942081;font-size:25px\"><span class=\"tadv-color\" style=\"color:#96c124\"><a href=\"http:\/\/bit.ly\/calendrierbernay\">Programmation :<\/a><\/span><\/h1>\n\n\n\n<iframe src=\"https:\/\/calendar.google.com\/calendar\/embed?src=bo0efpgr0rihhi140aa7h4cqtg%40group.calendar.google.com&#038;ctz=Europe%2FParis\" style=\"border: 0\" width=\"800\" height=\"600\" frameborder=\"0\" scrolling=\"no\"><\/iframe>\n\n\n\n<h1 class=\"wp-block-heading has-text-align-center has-text-color\" style=\"color:#f49200;font-size:25px\"><br><br><span class=\"tadv-color\" style=\"color:#942081\">O\u00f9 nous trouver ? 56, rue du g\u00e9n\u00e9ral Leclerc, 27300 Bernay <\/span><\/h1>\n\n\n\n<div style=\"position: relative; width: 100%; height: 0; padding-top: 83.8298%;\n padding-bottom: 0; box-shadow: 0 2px 8px 0 rgba(63,69,81,0.16); margin-top: 1.6em; margin-bottom: 0.9em; overflow: hidden;\n border-radius: 8px; will-change: transform;\">\n  <iframe loading=\"lazy\" style=\"position: absolute; width: 100%; height: 100%; top: 0; left: 0; border: none; padding: 0;margin: 0;\" src=\"https:\/\/www.canva.com\/design\/DAFYqa38MV4\/view?embed\" allowfullscreen=\"allowfullscreen\" allow=\"fullscreen\">\n  <\/iframe>\n<\/div>\n<a href=\"https:\/\/www.canva.com\/design\/DAFYqa38MV4\/view?utm_content=DAFYqa38MV4&amp;utm_campaign=designshare&amp;utm_medium=embeds&amp;utm_source=link\" target=\"_blank\" rel=\"noopener\">\n","protected":false},"excerpt":{"rendered":"<p>Le Trait d&rsquo;Union est une association anim\u00e9e par des b\u00e9n\u00e9voles. L&rsquo;adh\u00e9sion co\u00fbte seulement 10\u20ac par an et vous permet de venir boire un verre et\/ou de participer aux activit\u00e9s quand vous voulez. Devenez b\u00e9n\u00e9vole pour l&rsquo;accueil et le service au comptoir : \u00e9crivez \u00e0 cafeassobernay@gmail.com Proposez un atelier ou une [&hellip;]<\/p>\n","protected":false},"author":2,"featured_media":0,"parent":0,"menu_order":0,"comment_status":"closed","ping_status":"closed","template":"","meta":{"_seopress_robots_primary_cat":"","_seopress_titles_title":"","_seopress_titles_desc":"","_seopress_robots_index":"","footnotes":""},"class_list":["post-811","page","type-page","status-publish","hentry"],"yoast_head":"<!-- This site is optimized with the Yoast SEO plugin v27.4 - https:\/\/yoast.com\/product\/yoast-seo-wordpress\/ -->\n<title>Infos pratiques - Le Trait d&#039;Union<\/title>\n<meta name=\"robots\" content=\"index, follow, max-snippet:-1, max-image-preview:large, max-video-preview:-1\" \/>\n<link rel=\"canonical\" href=\"https:\/\/letraitdunionbernay.fr\/?page_id=811\" \/>\n<meta property=\"og:locale\" content=\"fr_FR\" \/>\n<meta property=\"og:type\" content=\"article\" \/>\n<meta property=\"og:title\" content=\"Infos pratiques - Le Trait d&#039;Union\" \/>\n<meta property=\"og:description\" content=\"Le Trait d&rsquo;Union est une association anim\u00e9e par des b\u00e9n\u00e9voles. L&rsquo;adh\u00e9sion co\u00fbte seulement 10\u20ac par an et vous permet de venir boire un verre et\/ou de participer aux activit\u00e9s quand vous voulez. Devenez b\u00e9n\u00e9vole pour l&rsquo;accueil et le service au comptoir : \u00e9crivez \u00e0 cafeassobernay@gmail.com Proposez un atelier ou une [&hellip;]\" \/>\n<meta property=\"og:url\" content=\"https:\/\/letraitdunionbernay.fr\/?page_id=811\" \/>\n<meta property=\"og:site_name\" content=\"Le Trait d&#039;Union\" \/>\n<meta property=\"article:publisher\" content=\"https:\/\/www.facebook.com\/letraitdunionbernay\" \/>\n<meta property=\"article:modified_time\" content=\"2026-01-10T20:25:50+00:00\" \/>\n<meta property=\"og:image\" content=\"https:\/\/letraitdunionbernay.fr\/wp-content\/uploads\/2026\/01\/horaires.jpg\" \/>\n\t<meta property=\"og:image:width\" content=\"706\" \/>\n\t<meta property=\"og:image:height\" content=\"618\" \/>\n\t<meta property=\"og:image:type\" content=\"image\/jpeg\" \/>\n<meta name=\"twitter:card\" content=\"summary_large_image\" \/>\n<meta name=\"twitter:label1\" content=\"Dur\u00e9e de lecture estim\u00e9e\" \/>\n\t<meta name=\"twitter:data1\" content=\"1 minute\" \/>\n<script type=\"application\/ld+json\" class=\"yoast-schema-graph\">{\"@context\":\"https:\\\/\\\/schema.org\",\"@graph\":[{\"@type\":\"WebPage\",\"@id\":\"https:\\\/\\\/letraitdunionbernay.fr\\\/?page_id=811\",\"url\":\"https:\\\/\\\/letraitdunionbernay.fr\\\/?page_id=811\",\"name\":\"Infos pratiques - Le Trait d'Union\",\"isPartOf\":{\"@id\":\"https:\\\/\\\/letraitdunionbernay.fr\\\/#website\"},\"primaryImageOfPage\":{\"@id\":\"https:\\\/\\\/letraitdunionbernay.fr\\\/?page_id=811#primaryimage\"},\"image\":{\"@id\":\"https:\\\/\\\/letraitdunionbernay.fr\\\/?page_id=811#primaryimage\"},\"thumbnailUrl\":\"https:\\\/\\\/letraitdunionbernay.fr\\\/wp-content\\\/uploads\\\/2026\\\/01\\\/horaires.jpg\",\"datePublished\":\"2022-10-17T11:51:06+00:00\",\"dateModified\":\"2026-01-10T20:25:50+00:00\",\"breadcrumb\":{\"@id\":\"https:\\\/\\\/letraitdunionbernay.fr\\\/?page_id=811#breadcrumb\"},\"inLanguage\":\"fr-FR\",\"potentialAction\":[{\"@type\":\"ReadAction\",\"target\":[\"https:\\\/\\\/letraitdunionbernay.fr\\\/?page_id=811\"]}]},{\"@type\":\"ImageObject\",\"inLanguage\":\"fr-FR\",\"@id\":\"https:\\\/\\\/letraitdunionbernay.fr\\\/?page_id=811#primaryimage\",\"url\":\"https:\\\/\\\/letraitdunionbernay.fr\\\/wp-content\\\/uploads\\\/2026\\\/01\\\/horaires.jpg\",\"contentUrl\":\"https:\\\/\\\/letraitdunionbernay.fr\\\/wp-content\\\/uploads\\\/2026\\\/01\\\/horaires.jpg\",\"width\":706,\"height\":618},{\"@type\":\"BreadcrumbList\",\"@id\":\"https:\\\/\\\/letraitdunionbernay.fr\\\/?page_id=811#breadcrumb\",\"itemListElement\":[{\"@type\":\"ListItem\",\"position\":1,\"name\":\"Accueil\",\"item\":\"https:\\\/\\\/letraitdunionbernay.fr\\\/\"},{\"@type\":\"ListItem\",\"position\":2,\"name\":\"Infos pratiques\"}]},{\"@type\":\"WebSite\",\"@id\":\"https:\\\/\\\/letraitdunionbernay.fr\\\/#website\",\"url\":\"https:\\\/\\\/letraitdunionbernay.fr\\\/\",\"name\":\"Le Trait d'Union\",\"description\":\"Le Trait d'Union fait la force !\",\"publisher\":{\"@id\":\"https:\\\/\\\/letraitdunionbernay.fr\\\/#organization\"},\"potentialAction\":[{\"@type\":\"SearchAction\",\"target\":{\"@type\":\"EntryPoint\",\"urlTemplate\":\"https:\\\/\\\/letraitdunionbernay.fr\\\/?s={search_term_string}\"},\"query-input\":{\"@type\":\"PropertyValueSpecification\",\"valueRequired\":true,\"valueName\":\"search_term_string\"}}],\"inLanguage\":\"fr-FR\"},{\"@type\":\"Organization\",\"@id\":\"https:\\\/\\\/letraitdunionbernay.fr\\\/#organization\",\"name\":\"Le Trait d'Union\",\"url\":\"https:\\\/\\\/letraitdunionbernay.fr\\\/\",\"logo\":{\"@type\":\"ImageObject\",\"inLanguage\":\"fr-FR\",\"@id\":\"https:\\\/\\\/letraitdunionbernay.fr\\\/#\\\/schema\\\/logo\\\/image\\\/\",\"url\":\"https:\\\/\\\/letraitdunionbernay.fr\\\/wp-content\\\/uploads\\\/2022\\\/10\\\/cropped-logo-herve.png\",\"contentUrl\":\"https:\\\/\\\/letraitdunionbernay.fr\\\/wp-content\\\/uploads\\\/2022\\\/10\\\/cropped-logo-herve.png\",\"width\":1181,\"height\":1316,\"caption\":\"Le Trait d'Union\"},\"image\":{\"@id\":\"https:\\\/\\\/letraitdunionbernay.fr\\\/#\\\/schema\\\/logo\\\/image\\\/\"},\"sameAs\":[\"https:\\\/\\\/www.facebook.com\\\/letraitdunionbernay\",\"https:\\\/\\\/www.instagram.com\\\/letraitdunionbernay\\\/\"]}]}<\/script>\n<!-- \/ Yoast SEO plugin. -->","yoast_head_json":{"title":"Infos pratiques - Le Trait d'Union","robots":{"index":"index","follow":"follow","max-snippet":"max-snippet:-1","max-image-preview":"max-image-preview:large","max-video-preview":"max-video-preview:-1"},"canonical":"https:\/\/letraitdunionbernay.fr\/?page_id=811","og_locale":"fr_FR","og_type":"article","og_title":"Infos pratiques - Le Trait d'Union","og_description":"Le Trait d&rsquo;Union est une association anim\u00e9e par des b\u00e9n\u00e9voles. L&rsquo;adh\u00e9sion co\u00fbte seulement 10\u20ac par an et vous permet de venir boire un verre et\/ou de participer aux activit\u00e9s quand vous voulez. Devenez b\u00e9n\u00e9vole pour l&rsquo;accueil et le service au comptoir : \u00e9crivez \u00e0 cafeassobernay@gmail.com Proposez un atelier ou une [&hellip;]","og_url":"https:\/\/letraitdunionbernay.fr\/?page_id=811","og_site_name":"Le Trait d'Union","article_publisher":"https:\/\/www.facebook.com\/letraitdunionbernay","article_modified_time":"2026-01-10T20:25:50+00:00","og_image":[{"width":706,"height":618,"url":"https:\/\/letraitdunionbernay.fr\/wp-content\/uploads\/2026\/01\/horaires.jpg","type":"image\/jpeg"}],"twitter_card":"summary_large_image","twitter_misc":{"Dur\u00e9e de lecture estim\u00e9e":"1 minute"},"schema":{"@context":"https:\/\/schema.org","@graph":[{"@type":"WebPage","@id":"https:\/\/letraitdunionbernay.fr\/?page_id=811","url":"https:\/\/letraitdunionbernay.fr\/?page_id=811","name":"Infos pratiques - Le Trait d'Union","isPartOf":{"@id":"https:\/\/letraitdunionbernay.fr\/#website"},"primaryImageOfPage":{"@id":"https:\/\/letraitdunionbernay.fr\/?page_id=811#primaryimage"},"image":{"@id":"https:\/\/letraitdunionbernay.fr\/?page_id=811#primaryimage"},"thumbnailUrl":"https:\/\/letraitdunionbernay.fr\/wp-content\/uploads\/2026\/01\/horaires.jpg","datePublished":"2022-10-17T11:51:06+00:00","dateModified":"2026-01-10T20:25:50+00:00","breadcrumb":{"@id":"https:\/\/letraitdunionbernay.fr\/?page_id=811#breadcrumb"},"inLanguage":"fr-FR","potentialAction":[{"@type":"ReadAction","target":["https:\/\/letraitdunionbernay.fr\/?page_id=811"]}]},{"@type":"ImageObject","inLanguage":"fr-FR","@id":"https:\/\/letraitdunionbernay.fr\/?page_id=811#primaryimage","url":"https:\/\/letraitdunionbernay.fr\/wp-content\/uploads\/2026\/01\/horaires.jpg","contentUrl":"https:\/\/letraitdunionbernay.fr\/wp-content\/uploads\/2026\/01\/horaires.jpg","width":706,"height":618},{"@type":"BreadcrumbList","@id":"https:\/\/letraitdunionbernay.fr\/?page_id=811#breadcrumb","itemListElement":[{"@type":"ListItem","position":1,"name":"Accueil","item":"https:\/\/letraitdunionbernay.fr\/"},{"@type":"ListItem","position":2,"name":"Infos pratiques"}]},{"@type":"WebSite","@id":"https:\/\/letraitdunionbernay.fr\/#website","url":"https:\/\/letraitdunionbernay.fr\/","name":"Le Trait d'Union","description":"Le Trait d'Union fait la force !","publisher":{"@id":"https:\/\/letraitdunionbernay.fr\/#organization"},"potentialAction":[{"@type":"SearchAction","target":{"@type":"EntryPoint","urlTemplate":"https:\/\/letraitdunionbernay.fr\/?s={search_term_string}"},"query-input":{"@type":"PropertyValueSpecification","valueRequired":true,"valueName":"search_term_string"}}],"inLanguage":"fr-FR"},{"@type":"Organization","@id":"https:\/\/letraitdunionbernay.fr\/#organization","name":"Le Trait d'Union","url":"https:\/\/letraitdunionbernay.fr\/","logo":{"@type":"ImageObject","inLanguage":"fr-FR","@id":"https:\/\/letraitdunionbernay.fr\/#\/schema\/logo\/image\/","url":"https:\/\/letraitdunionbernay.fr\/wp-content\/uploads\/2022\/10\/cropped-logo-herve.png","contentUrl":"https:\/\/letraitdunionbernay.fr\/wp-content\/uploads\/2022\/10\/cropped-logo-herve.png","width":1181,"height":1316,"caption":"Le Trait d'Union"},"image":{"@id":"https:\/\/letraitdunionbernay.fr\/#\/schema\/logo\/image\/"},"sameAs":["https:\/\/www.facebook.com\/letraitdunionbernay","https:\/\/www.instagram.com\/letraitdunionbernay\/"]}]}},"_links":{"self":[{"href":"https:\/\/letraitdunionbernay.fr\/index.php?rest_route=\/wp\/v2\/pages\/811","targetHints":{"allow":["GET"]}}],"collection":[{"href":"https:\/\/letraitdunionbernay.fr\/index.php?rest_route=\/wp\/v2\/pages"}],"about":[{"href":"https:\/\/letraitdunionbernay.fr\/index.php?rest_route=\/wp\/v2\/types\/page"}],"author":[{"embeddable":true,"href":"https:\/\/letraitdunionbernay.fr\/index.php?rest_route=\/wp\/v2\/users\/2"}],"replies":[{"embeddable":true,"href":"https:\/\/letraitdunionbernay.fr\/index.php?rest_route=%2Fwp%2Fv2%2Fcomments&post=811"}],"version-history":[{"count":0,"href":"https:\/\/letraitdunionbernay.fr\/index.php?rest_route=\/wp\/v2\/pages\/811\/revisions"}],"wp:attachment":[{"href":"https:\/\/letraitdunionbernay.fr\/index.php?rest_route=%2Fwp%2Fv2%2Fmedia&parent=811"}],"curies":[{"name":"wp","href":"https:\/\/api.w.org\/{rel}","templated":true}]}}