{"id":8,"date":"2022-10-07T08:42:05","date_gmt":"2022-10-07T08:42:05","guid":{"rendered":"https:\/\/letraitdunionbernay.fr\/?page_id=8"},"modified":"2026-01-10T20:07:36","modified_gmt":"2026-01-10T20:07:36","slug":"accueil","status":"publish","type":"page","link":"https:\/\/letraitdunionbernay.fr\/","title":{"rendered":"Accueil"},"content":{"rendered":"\n<h2 class=\"wp-block-heading has-text-align-center has-black-color has-text-color\" style=\"font-size:25px\">Notre caf\u00e9 associatif c&rsquo;est : <\/h2>\n\n\n\n<p class=\"has-text-align-center has-accent-color has-text-color\" style=\"font-size:18px\">Des b\u00e9n\u00e9voles qui vous accueillent au comptoir !<\/p>\n\n\n\n<p class=\"has-text-align-center has-text-color\" style=\"color:#f49200;font-size:18px\">Des conf\u00e9rences, des concerts, des ateliers dans tous les sens !<\/p>\n\n\n\n<p class=\"has-text-align-center has-text-color\" style=\"color:#e83c48;font-size:18px\">Un grand salon commun : on se pose, on joue, on se rencontre !<\/p>\n\n\n\n<p class=\"has-text-align-center has-text-color\" style=\"color:#e83c48;font-size:18px\"><strong><mark>Depuis le 1er d\u00e9cembre 2025, nous avons besoin de votre soutien pour continuer \u00e0 exister : la municipalit\u00e9 ne nous met plus de local \u00e0 disposition, nous devons donc trouver des financements pour payer un loyer, des charges, les assurances etc. <\/mark><\/strong><\/p>\n\n\n\n<p class=\"has-text-align-center has-text-color\" style=\"color:#e83c48;font-size:18px\"><strong><mark>Vous pouvez nous soutenir gr\u00e2ce au formulaire s\u00e9curis\u00e9 ci-dessous :<\/mark><\/strong><\/p>\n\n\n<p><iframe style=\"width: 100%; height: 750px; border: none;\" id=\"haWidget\" allowtransparency=\"true\" scrolling=\"auto\" src=\"https:\/\/www.helloasso.com\/associations\/le-trait-d-union\/formulaires\/1\/widget\"><\/iframe><\/p>\n\n\n<p class=\"has-text-align-center has-text-color\" style=\"color:#e83c48;font-size:18px\"><br><\/p>\n\n\n<style>.kb-image8_eac0e7-be .kb-image-has-overlay:after{opacity:0.3;}<\/style>\n<figure class=\"wp-block-kadence-image kb-image8_eac0e7-be alignwide size-large\"><img fetchpriority=\"high\" decoding=\"async\" width=\"1024\" height=\"254\" src=\"https:\/\/letraitdunionbernay.fr\/wp-content\/uploads\/2022\/10\/photo-1024x254.png\" alt=\"\" class=\"kb-img wp-image-880\" srcset=\"https:\/\/letraitdunionbernay.fr\/wp-content\/uploads\/2022\/10\/photo-1024x254.png 1024w, https:\/\/letraitdunionbernay.fr\/wp-content\/uploads\/2022\/10\/photo-300x74.png 300w, https:\/\/letraitdunionbernay.fr\/wp-content\/uploads\/2022\/10\/photo-768x190.png 768w, https:\/\/letraitdunionbernay.fr\/wp-content\/uploads\/2022\/10\/photo.png 1227w\" sizes=\"(max-width: 1024px) 100vw, 1024px\" \/><\/figure>\n\n\n\n<h1 class=\"wp-block-heading has-text-align-center has-black-color has-text-color\" style=\"font-size:25px;font-style:normal;font-weight:700\"><br><br>Notre manifeste : <\/h1>\n\n\n\n<div class=\"wp-block-columns is-layout-flex wp-container-core-columns-is-layout-28f84493 wp-block-columns-is-layout-flex\">\n<div class=\"wp-block-column is-layout-flow wp-block-column-is-layout-flow\"><\/div>\n\n\n\n<div class=\"wp-block-column is-layout-flow wp-block-column-is-layout-flow\" style=\"flex-basis:900px\">\n<p><\/p>\n\n\n\n<p class=\"has-text-align-center\"><span style=\"color:#f49200\" class=\"tadv-color\"><strong>Nous avons Bernay en commun.<\/strong><\/span><\/p>\n\n\n\n<p class=\"has-text-align-center\"><span style=\"color:#f49200\" class=\"tadv-color\">Jeunes ou vieux, nouveaux arrivants ou enfants du pays, ais\u00e9s ou sans-le-sou, nouveau-n\u00e9s, enfants, adolescents ou tout juste parents, en situation de handicap, ch\u00f4meurs\u2026 Quelle que soit notre situation, nous aimons cette ville et nous voulons contribuer \u00e0 la faire vivre.<\/span><\/p>\n\n\n\n<p class=\"has-text-align-center\"><span style=\"color:#f49200\" class=\"tadv-color\">Nous r\u00eavons de cr\u00e9er un <strong>lieu commun<\/strong>, empreint de choix \u00e9cologiques, \u00e9thiques et citoyens.<\/span><br><span style=\"color:#f49200\" class=\"tadv-color\"><strong> <\/strong><\/span><br><\/p>\n\n\n\n<p class=\"has-text-align-center has-text-color\" style=\"color:#912081;font-size:18px\">Nous refusons la solitude et la morosit\u00e9 de nos vies confin\u00e9es.<\/p>\n\n\n\n<p class=\"has-text-align-center has-text-color\" style=\"color:#912081;font-size:18px\">Alors ce sera un<strong> lieu de f\u00eate<\/strong>. Un espace foisonnant et convivial, rempli de musique, de danses, de conf\u00e9rences, d\u2019ateliers de transmission, de partage, d\u2019entraide, et de tout ce qui jaillira. Toutes les associations seront bienvenues. Dans ce lieu f\u00e9cond, tous pourront d\u00e9voiler leurs talents, chacun aura sa place.<br><br><\/p>\n\n\n\n<p class=\"has-text-align-center has-text-color\" style=\"color:#e83c48;font-size:18px\">Nous regrettons l\u2019entre-soi de nos vies cloisonn\u00e9es.<\/p>\n\n\n\n<p class=\"has-text-align-center has-text-color\" style=\"color:#e83c48;font-size:18px\">Alors ce sera un <strong>lieu de rencontres<\/strong>, une porte ouverte sur la voisine qu\u2019on avait toujours \u00e9vit\u00e9e, ou sur ce type \u00e9trange qu\u2019au premier regard on avait cat\u00e9goris\u00e9. Ce caf\u00e9 m\u00e9langera les quartiers, int\u00e9grera la diversit\u00e9 et garantira un accueil respectueux de chacun et chacune. Les membres apprendront \u00e0 vivre ensemble par des projets communs.<br><br><\/p>\n\n\n\n<p class=\"has-text-align-center has-accent-color has-text-color\" style=\"font-size:18px\">Nous d\u00e9plorons la passivit\u00e9 de nos vies de consommateurs.<\/p>\n\n\n\n<p class=\"has-text-align-center has-accent-color has-text-color\" style=\"font-size:18px\">Alors ce sera un<strong> lieu alternatif<\/strong>. Ici l\u2019argent restera \u00e0 sa juste place : il ne sera qu\u2019un moyen au service de la dynamique collective. Dans ce lieu des possibles, chacun pourra \u00eatre acteur, prendre des initiatives. Ce lieu sera donc ce que nous en ferons : autour d\u2019un verre, des ponts s\u2019\u00e9tabliront, et des engagements na\u00eetront.<br><br><\/p>\n\n\n\n<p class=\"has-text-align-center has-text-color\" style=\"color:#f49200;font-size:18px\"><strong>Le Trait d\u2019Union est \u00e0 nous, \u00e0 vous, \u00e0 toi.<\/strong> <\/p>\n\n\n\n<p class=\"has-text-align-center has-text-color\" style=\"color:#f49200;font-size:18px\">Ensemble, nous ferons vivre plus qu\u2019un lieu, mais bien un lien. En fait,<strong> le v\u00e9ritable Trait d\u2019Union, c\u2019est toi !<\/strong><\/p>\n<\/div>\n\n\n\n<div class=\"wp-block-column is-layout-flow wp-block-column-is-layout-flow\">\n<p><\/p>\n<\/div>\n<\/div>\n\n\n\n<div class=\"wp-block-buttons alignwide is-content-justification-center is-layout-flex wp-container-core-buttons-is-layout-a89b3969 wp-block-buttons-is-layout-flex\">\n<div class=\"wp-block-button\"><a class=\"wp-block-button__link wp-element-button\" href=\"https:\/\/www.helloasso.com\/associations\/le-trait-d-union\/adhesions\/adhesion-2024-au-trait-d-union\">Pour faire un don<\/a><\/div>\n<\/div>\n\n\n\n<h2 class=\"wp-block-heading has-text-align-center has-black-color has-text-color\" style=\"font-size:25px;font-style:normal;font-weight:700\"><br>Pour nous trouver au 56 rue du g\u00e9n\u00e9ral Leclerc et venir adh\u00e9rer :<\/h2>\n\n\n<style>.kb-google-maps-container8_42abeb-15{height:450px;}<\/style><div class=\"kb-google-maps-container kb-google-maps-container8_42abeb-15  wp-block-kadence-googlemaps\" data-mapid=\"8_42abeb15\"><iframe width=\"100%\" height=\"100%\"\n\t\t\t\t\t\t\tstyle=\"border:0\" loading=\"lazy\"\n\t\t\t\t\t\t\tsrc=\"https:\/\/www.google.com\/maps\/embed\/v1\/place?key=AIzaSyBAM2o7PiQqwk15LC1XRH2e_KJ-jUa7KYk&#038;zoom=16&#038;maptype=roadmap&#038;q=Le+Trait+d%27Union+Bernay\"\n\t\t\t\t\t\t\ttitle=\"Carte Google de Le Trait d&#039;Union Bernay\"><\/iframe><\/div><script>function kb_google_map8_42abeb15() { let center = { lat: 37.8201, lng: -122.4781}; let map = new google.maps.Map(document.getElementById(\"kb-google-map8_42abeb15\"), {\n\t\t\t\t\t    zoom: 16,\n\t\t\t\t\t    center: center,});let marker = new google.maps.Marker({   position: { lat: 37.8201, lng: -122.4781},    map: map,  });}<\/script>\n\n<style>.kadence-column8_f64b25-2a > .kt-inside-inner-col,.kadence-column8_f64b25-2a > .kt-inside-inner-col:before{border-top-left-radius:0px;border-top-right-radius:0px;border-bottom-right-radius:0px;border-bottom-left-radius:0px;}.kadence-column8_f64b25-2a > .kt-inside-inner-col{column-gap:var(--global-kb-gap-sm, 1rem);}.kadence-column8_f64b25-2a > .kt-inside-inner-col{flex-direction:column;}.kadence-column8_f64b25-2a > .kt-inside-inner-col > .aligncenter{width:100%;}.kadence-column8_f64b25-2a > .kt-inside-inner-col:before{opacity:0.3;}.kadence-column8_f64b25-2a{position:relative;}@media all and (max-width: 1024px){.kadence-column8_f64b25-2a > .kt-inside-inner-col{flex-direction:column;justify-content:center;}}@media all and (max-width: 767px){.kadence-column8_f64b25-2a > .kt-inside-inner-col{flex-direction:column;justify-content:center;}}<\/style>\n<div class=\"wp-block-kadence-column kadence-column8_f64b25-2a\"><div class=\"kt-inside-inner-col\">\n<p><\/p>\n<\/div><\/div>\n\n\n<section id=\"tf-stat-1321\" class=\"statistics n1\"  data-sp=\"10\" ><h3 >En 2023 au T-U :<\/h3><div class=\"statistics-inner\"><div class=\"stat\"  data-count=\"1025\" data-orignal_count=\"1025\"><span class=\"fa fa-user-o\"><\/span><span class=\"number\" ><\/span><span class=\"count-title\">Adh\u00e9rents<\/span><\/div><div class=\"stat\"  data-count=\"400\" data-orignal_count=\"+400\"><span class=\"fa fa-calendar-check-o\"><\/span><span class=\"number\" ><\/span><span class=\"count-title\">Ateliers au T-U<\/span><\/div><div class=\"stat\"  data-count=\"1000\" data-orignal_count=\"1000\"><span class=\"fa fa-users\"><\/span><span class=\"number\" ><\/span><span class=\"count-title\">Cr\u00e9neaux tenus par des b\u00e9n\u00e9voles !<\/span><\/div><\/div><\/section>\n\n\n\n<p><\/p>\n\n\n\n<h1 class=\"wp-block-heading has-text-align-center has-black-color has-text-color\" style=\"font-size:25px;font-style:normal;font-weight:700\"><span style=\"color:#000000\" class=\"tadv-color\">Nos r\u00e9seaux sociaux :<\/span><\/h1>\n\n\n\n<ul class=\"wp-block-social-links aligncenter has-large-icon-size has-visible-labels is-style-pill-shape is-layout-flex wp-block-social-links-is-layout-flex\"><li class=\"wp-social-link wp-social-link-facebook  wp-block-social-link\"><a rel=\"noopener nofollow\" target=\"_blank\" href=\"https:\/\/www.facebook.com\/letraitdunionbernay\" class=\"wp-block-social-link-anchor\"><svg width=\"24\" height=\"24\" viewBox=\"0 0 24 24\" version=\"1.1\" xmlns=\"http:\/\/www.w3.org\/2000\/svg\" aria-hidden=\"true\" focusable=\"false\"><path d=\"M12 2C6.5 2 2 6.5 2 12c0 5 3.7 9.1 8.4 9.9v-7H7.9V12h2.5V9.8c0-2.5 1.5-3.9 3.8-3.9 1.1 0 2.2.2 2.2.2v2.5h-1.3c-1.2 0-1.6.8-1.6 1.6V12h2.8l-.4 2.9h-2.3v7C18.3 21.1 22 17 22 12c0-5.5-4.5-10-10-10z\"><\/path><\/svg><span class=\"wp-block-social-link-label\">Facebook<\/span><\/a><\/li>\n\n<li class=\"wp-social-link wp-social-link-instagram  wp-block-social-link\"><a rel=\"noopener nofollow\" target=\"_blank\" href=\"https:\/\/www.instagram.com\/letraitdunionbernay\/\" class=\"wp-block-social-link-anchor\"><svg width=\"24\" height=\"24\" viewBox=\"0 0 24 24\" version=\"1.1\" xmlns=\"http:\/\/www.w3.org\/2000\/svg\" aria-hidden=\"true\" focusable=\"false\"><path d=\"M12,4.622c2.403,0,2.688,0.009,3.637,0.052c0.877,0.04,1.354,0.187,1.671,0.31c0.42,0.163,0.72,0.358,1.035,0.673 c0.315,0.315,0.51,0.615,0.673,1.035c0.123,0.317,0.27,0.794,0.31,1.671c0.043,0.949,0.052,1.234,0.052,3.637 s-0.009,2.688-0.052,3.637c-0.04,0.877-0.187,1.354-0.31,1.671c-0.163,0.42-0.358,0.72-0.673,1.035 c-0.315,0.315-0.615,0.51-1.035,0.673c-0.317,0.123-0.794,0.27-1.671,0.31c-0.949,0.043-1.233,0.052-3.637,0.052 s-2.688-0.009-3.637-0.052c-0.877-0.04-1.354-0.187-1.671-0.31c-0.42-0.163-0.72-0.358-1.035-0.673 c-0.315-0.315-0.51-0.615-0.673-1.035c-0.123-0.317-0.27-0.794-0.31-1.671C4.631,14.688,4.622,14.403,4.622,12 s0.009-2.688,0.052-3.637c0.04-0.877,0.187-1.354,0.31-1.671c0.163-0.42,0.358-0.72,0.673-1.035 c0.315-0.315,0.615-0.51,1.035-0.673c0.317-0.123,0.794-0.27,1.671-0.31C9.312,4.631,9.597,4.622,12,4.622 M12,3 C9.556,3,9.249,3.01,8.289,3.054C7.331,3.098,6.677,3.25,6.105,3.472C5.513,3.702,5.011,4.01,4.511,4.511 c-0.5,0.5-0.808,1.002-1.038,1.594C3.25,6.677,3.098,7.331,3.054,8.289C3.01,9.249,3,9.556,3,12c0,2.444,0.01,2.751,0.054,3.711 c0.044,0.958,0.196,1.612,0.418,2.185c0.23,0.592,0.538,1.094,1.038,1.594c0.5,0.5,1.002,0.808,1.594,1.038 c0.572,0.222,1.227,0.375,2.185,0.418C9.249,20.99,9.556,21,12,21s2.751-0.01,3.711-0.054c0.958-0.044,1.612-0.196,2.185-0.418 c0.592-0.23,1.094-0.538,1.594-1.038c0.5-0.5,0.808-1.002,1.038-1.594c0.222-0.572,0.375-1.227,0.418-2.185 C20.99,14.751,21,14.444,21,12s-0.01-2.751-0.054-3.711c-0.044-0.958-0.196-1.612-0.418-2.185c-0.23-0.592-0.538-1.094-1.038-1.594 c-0.5-0.5-1.002-0.808-1.594-1.038c-0.572-0.222-1.227-0.375-2.185-0.418C14.751,3.01,14.444,3,12,3L12,3z M12,7.378 c-2.552,0-4.622,2.069-4.622,4.622S9.448,16.622,12,16.622s4.622-2.069,4.622-4.622S14.552,7.378,12,7.378z M12,15 c-1.657,0-3-1.343-3-3s1.343-3,3-3s3,1.343,3,3S13.657,15,12,15z M16.804,6.116c-0.596,0-1.08,0.484-1.08,1.08 s0.484,1.08,1.08,1.08c0.596,0,1.08-0.484,1.08-1.08S17.401,6.116,16.804,6.116z\"><\/path><\/svg><span class=\"wp-block-social-link-label\">Instagram<\/span><\/a><\/li><\/ul>\n\n\n\n<p><\/p>\n","protected":false},"excerpt":{"rendered":"<p>Notre caf\u00e9 associatif c&rsquo;est : Des b\u00e9n\u00e9voles qui vous accueillent au comptoir ! Des conf\u00e9rences, des concerts, des ateliers dans tous les sens ! Un grand salon commun : on se pose, on joue, on se rencontre ! Depuis le 1er d\u00e9cembre 2025, nous avons besoin de votre soutien pour [&hellip;]<\/p>\n","protected":false},"author":2,"featured_media":0,"parent":0,"menu_order":0,"comment_status":"closed","ping_status":"closed","template":"","meta":{"_seopress_robots_primary_cat":"","_seopress_titles_title":"","_seopress_titles_desc":"","_seopress_robots_index":"","footnotes":""},"class_list":["post-8","page","type-page","status-publish","hentry"],"yoast_head":"<!-- This site is optimized with the Yoast SEO plugin v27.4 - https:\/\/yoast.com\/product\/yoast-seo-wordpress\/ -->\n<title>Accueil - Le Trait d&#039;Union<\/title>\n<meta name=\"description\" content=\"Le Trait d&#039;Union vous souhaite la bienvenue sur son site ! Vous trouverez sur cette page, ce que fait le caf\u00e9 associatif.\" \/>\n<meta name=\"robots\" content=\"index, follow, max-snippet:-1, max-image-preview:large, max-video-preview:-1\" \/>\n<link rel=\"canonical\" href=\"https:\/\/letraitdunionbernay.fr\/\" \/>\n<meta property=\"og:locale\" content=\"fr_FR\" \/>\n<meta property=\"og:type\" content=\"article\" \/>\n<meta property=\"og:title\" content=\"Accueil - Le Trait d&#039;Union\" \/>\n<meta property=\"og:description\" content=\"Le Trait d&#039;Union vous souhaite la bienvenue sur son site ! Vous trouverez sur cette page, ce que fait le caf\u00e9 associatif.\" \/>\n<meta property=\"og:url\" content=\"https:\/\/letraitdunionbernay.fr\/\" \/>\n<meta property=\"og:site_name\" content=\"Le Trait d&#039;Union\" \/>\n<meta property=\"article:publisher\" content=\"https:\/\/www.facebook.com\/letraitdunionbernay\" \/>\n<meta property=\"article:modified_time\" content=\"2026-01-10T20:07:36+00:00\" \/>\n<meta property=\"og:image\" content=\"https:\/\/letraitdunionbernay.fr\/wp-content\/uploads\/2022\/10\/photo.png\" \/>\n\t<meta property=\"og:image:width\" content=\"1227\" \/>\n\t<meta property=\"og:image:height\" content=\"304\" \/>\n\t<meta property=\"og:image:type\" content=\"image\/png\" \/>\n<meta name=\"twitter:card\" content=\"summary_large_image\" \/>\n<meta name=\"twitter:label1\" content=\"Dur\u00e9e de lecture estim\u00e9e\" \/>\n\t<meta name=\"twitter:data1\" content=\"3 minutes\" \/>\n<script type=\"application\/ld+json\" class=\"yoast-schema-graph\">{\"@context\":\"https:\\\/\\\/schema.org\",\"@graph\":[{\"@type\":\"WebPage\",\"@id\":\"https:\\\/\\\/letraitdunionbernay.fr\\\/\",\"url\":\"https:\\\/\\\/letraitdunionbernay.fr\\\/\",\"name\":\"Accueil - Le Trait d'Union\",\"isPartOf\":{\"@id\":\"https:\\\/\\\/letraitdunionbernay.fr\\\/#website\"},\"primaryImageOfPage\":{\"@id\":\"https:\\\/\\\/letraitdunionbernay.fr\\\/#primaryimage\"},\"image\":{\"@id\":\"https:\\\/\\\/letraitdunionbernay.fr\\\/#primaryimage\"},\"thumbnailUrl\":\"https:\\\/\\\/letraitdunionbernay.fr\\\/wp-content\\\/uploads\\\/2022\\\/10\\\/photo-1024x254.png\",\"datePublished\":\"2022-10-07T08:42:05+00:00\",\"dateModified\":\"2026-01-10T20:07:36+00:00\",\"description\":\"Le Trait d'Union vous souhaite la bienvenue sur son site ! Vous trouverez sur cette page, ce que fait le caf\u00e9 associatif.\",\"breadcrumb\":{\"@id\":\"https:\\\/\\\/letraitdunionbernay.fr\\\/#breadcrumb\"},\"inLanguage\":\"fr-FR\",\"potentialAction\":[{\"@type\":\"ReadAction\",\"target\":[\"https:\\\/\\\/letraitdunionbernay.fr\\\/\"]}]},{\"@type\":\"ImageObject\",\"inLanguage\":\"fr-FR\",\"@id\":\"https:\\\/\\\/letraitdunionbernay.fr\\\/#primaryimage\",\"url\":\"https:\\\/\\\/letraitdunionbernay.fr\\\/wp-content\\\/uploads\\\/2022\\\/10\\\/photo.png\",\"contentUrl\":\"https:\\\/\\\/letraitdunionbernay.fr\\\/wp-content\\\/uploads\\\/2022\\\/10\\\/photo.png\",\"width\":1227,\"height\":304},{\"@type\":\"BreadcrumbList\",\"@id\":\"https:\\\/\\\/letraitdunionbernay.fr\\\/#breadcrumb\",\"itemListElement\":[{\"@type\":\"ListItem\",\"position\":1,\"name\":\"Accueil\",\"item\":\"https:\\\/\\\/letraitdunionbernay.fr\\\/\"},{\"@type\":\"ListItem\",\"position\":2,\"name\":\"Accueil\"}]},{\"@type\":\"WebSite\",\"@id\":\"https:\\\/\\\/letraitdunionbernay.fr\\\/#website\",\"url\":\"https:\\\/\\\/letraitdunionbernay.fr\\\/\",\"name\":\"Le Trait d'Union\",\"description\":\"Le Trait d'Union fait la force !\",\"publisher\":{\"@id\":\"https:\\\/\\\/letraitdunionbernay.fr\\\/#organization\"},\"potentialAction\":[{\"@type\":\"SearchAction\",\"target\":{\"@type\":\"EntryPoint\",\"urlTemplate\":\"https:\\\/\\\/letraitdunionbernay.fr\\\/?s={search_term_string}\"},\"query-input\":{\"@type\":\"PropertyValueSpecification\",\"valueRequired\":true,\"valueName\":\"search_term_string\"}}],\"inLanguage\":\"fr-FR\"},{\"@type\":\"Organization\",\"@id\":\"https:\\\/\\\/letraitdunionbernay.fr\\\/#organization\",\"name\":\"Le Trait d'Union\",\"url\":\"https:\\\/\\\/letraitdunionbernay.fr\\\/\",\"logo\":{\"@type\":\"ImageObject\",\"inLanguage\":\"fr-FR\",\"@id\":\"https:\\\/\\\/letraitdunionbernay.fr\\\/#\\\/schema\\\/logo\\\/image\\\/\",\"url\":\"https:\\\/\\\/letraitdunionbernay.fr\\\/wp-content\\\/uploads\\\/2022\\\/10\\\/cropped-logo-herve.png\",\"contentUrl\":\"https:\\\/\\\/letraitdunionbernay.fr\\\/wp-content\\\/uploads\\\/2022\\\/10\\\/cropped-logo-herve.png\",\"width\":1181,\"height\":1316,\"caption\":\"Le Trait d'Union\"},\"image\":{\"@id\":\"https:\\\/\\\/letraitdunionbernay.fr\\\/#\\\/schema\\\/logo\\\/image\\\/\"},\"sameAs\":[\"https:\\\/\\\/www.facebook.com\\\/letraitdunionbernay\",\"https:\\\/\\\/www.instagram.com\\\/letraitdunionbernay\\\/\"]}]}<\/script>\n<!-- \/ Yoast SEO plugin. -->","yoast_head_json":{"title":"Accueil - Le Trait d'Union","description":"Le Trait d'Union vous souhaite la bienvenue sur son site ! Vous trouverez sur cette page, ce que fait le caf\u00e9 associatif.","robots":{"index":"index","follow":"follow","max-snippet":"max-snippet:-1","max-image-preview":"max-image-preview:large","max-video-preview":"max-video-preview:-1"},"canonical":"https:\/\/letraitdunionbernay.fr\/","og_locale":"fr_FR","og_type":"article","og_title":"Accueil - Le Trait d'Union","og_description":"Le Trait d'Union vous souhaite la bienvenue sur son site ! Vous trouverez sur cette page, ce que fait le caf\u00e9 associatif.","og_url":"https:\/\/letraitdunionbernay.fr\/","og_site_name":"Le Trait d'Union","article_publisher":"https:\/\/www.facebook.com\/letraitdunionbernay","article_modified_time":"2026-01-10T20:07:36+00:00","og_image":[{"width":1227,"height":304,"url":"https:\/\/letraitdunionbernay.fr\/wp-content\/uploads\/2022\/10\/photo.png","type":"image\/png"}],"twitter_card":"summary_large_image","twitter_misc":{"Dur\u00e9e de lecture estim\u00e9e":"3 minutes"},"schema":{"@context":"https:\/\/schema.org","@graph":[{"@type":"WebPage","@id":"https:\/\/letraitdunionbernay.fr\/","url":"https:\/\/letraitdunionbernay.fr\/","name":"Accueil - Le Trait d'Union","isPartOf":{"@id":"https:\/\/letraitdunionbernay.fr\/#website"},"primaryImageOfPage":{"@id":"https:\/\/letraitdunionbernay.fr\/#primaryimage"},"image":{"@id":"https:\/\/letraitdunionbernay.fr\/#primaryimage"},"thumbnailUrl":"https:\/\/letraitdunionbernay.fr\/wp-content\/uploads\/2022\/10\/photo-1024x254.png","datePublished":"2022-10-07T08:42:05+00:00","dateModified":"2026-01-10T20:07:36+00:00","description":"Le Trait d'Union vous souhaite la bienvenue sur son site ! Vous trouverez sur cette page, ce que fait le caf\u00e9 associatif.","breadcrumb":{"@id":"https:\/\/letraitdunionbernay.fr\/#breadcrumb"},"inLanguage":"fr-FR","potentialAction":[{"@type":"ReadAction","target":["https:\/\/letraitdunionbernay.fr\/"]}]},{"@type":"ImageObject","inLanguage":"fr-FR","@id":"https:\/\/letraitdunionbernay.fr\/#primaryimage","url":"https:\/\/letraitdunionbernay.fr\/wp-content\/uploads\/2022\/10\/photo.png","contentUrl":"https:\/\/letraitdunionbernay.fr\/wp-content\/uploads\/2022\/10\/photo.png","width":1227,"height":304},{"@type":"BreadcrumbList","@id":"https:\/\/letraitdunionbernay.fr\/#breadcrumb","itemListElement":[{"@type":"ListItem","position":1,"name":"Accueil","item":"https:\/\/letraitdunionbernay.fr\/"},{"@type":"ListItem","position":2,"name":"Accueil"}]},{"@type":"WebSite","@id":"https:\/\/letraitdunionbernay.fr\/#website","url":"https:\/\/letraitdunionbernay.fr\/","name":"Le Trait d'Union","description":"Le Trait d'Union fait la force !","publisher":{"@id":"https:\/\/letraitdunionbernay.fr\/#organization"},"potentialAction":[{"@type":"SearchAction","target":{"@type":"EntryPoint","urlTemplate":"https:\/\/letraitdunionbernay.fr\/?s={search_term_string}"},"query-input":{"@type":"PropertyValueSpecification","valueRequired":true,"valueName":"search_term_string"}}],"inLanguage":"fr-FR"},{"@type":"Organization","@id":"https:\/\/letraitdunionbernay.fr\/#organization","name":"Le Trait d'Union","url":"https:\/\/letraitdunionbernay.fr\/","logo":{"@type":"ImageObject","inLanguage":"fr-FR","@id":"https:\/\/letraitdunionbernay.fr\/#\/schema\/logo\/image\/","url":"https:\/\/letraitdunionbernay.fr\/wp-content\/uploads\/2022\/10\/cropped-logo-herve.png","contentUrl":"https:\/\/letraitdunionbernay.fr\/wp-content\/uploads\/2022\/10\/cropped-logo-herve.png","width":1181,"height":1316,"caption":"Le Trait d'Union"},"image":{"@id":"https:\/\/letraitdunionbernay.fr\/#\/schema\/logo\/image\/"},"sameAs":["https:\/\/www.facebook.com\/letraitdunionbernay","https:\/\/www.instagram.com\/letraitdunionbernay\/"]}]}},"_links":{"self":[{"href":"https:\/\/letraitdunionbernay.fr\/index.php?rest_route=\/wp\/v2\/pages\/8","targetHints":{"allow":["GET"]}}],"collection":[{"href":"https:\/\/letraitdunionbernay.fr\/index.php?rest_route=\/wp\/v2\/pages"}],"about":[{"href":"https:\/\/letraitdunionbernay.fr\/index.php?rest_route=\/wp\/v2\/types\/page"}],"author":[{"embeddable":true,"href":"https:\/\/letraitdunionbernay.fr\/index.php?rest_route=\/wp\/v2\/users\/2"}],"replies":[{"embeddable":true,"href":"https:\/\/letraitdunionbernay.fr\/index.php?rest_route=%2Fwp%2Fv2%2Fcomments&post=8"}],"version-history":[{"count":0,"href":"https:\/\/letraitdunionbernay.fr\/index.php?rest_route=\/wp\/v2\/pages\/8\/revisions"}],"wp:attachment":[{"href":"https:\/\/letraitdunionbernay.fr\/index.php?rest_route=%2Fwp%2Fv2%2Fmedia&parent=8"}],"curies":[{"name":"wp","href":"https:\/\/api.w.org\/{rel}","templated":true}]}}