{"id":454,"date":"2022-10-10T13:00:32","date_gmt":"2022-10-10T13:00:32","guid":{"rendered":"https:\/\/letraitdunionbernay.fr\/?page_id=454"},"modified":"2022-10-18T09:44:31","modified_gmt":"2022-10-18T09:44:31","slug":"mentions-legales","status":"publish","type":"page","link":"https:\/\/letraitdunionbernay.fr\/?page_id=454","title":{"rendered":"Mentions l\u00e9gales"},"content":{"rendered":"\n<p style=\"font-size:18px\">Pr\u00e9sentation du site<\/p>\n\n\n\n<p style=\"font-size:18px\">En vertu de l&rsquo;article 6 de la loi n\u00b0 2004-575 du 21 juin 2004 pour la confiance dans l&rsquo;\u00e9conomie num\u00e9rique, il est pr\u00e9cis\u00e9 aux utilisateurs du site letraitdunionbernay.fr l&rsquo;identit\u00e9 des diff\u00e9rents intervenants dans le cadre de sa r\u00e9alisation et de son suivi :<\/p>\n\n\n\n<p style=\"font-size:18px\">Le pr\u00e9sent site est \u00e9dit\u00e9 par : Le Trait d&rsquo;Union, Association ayant pour num\u00e9ro de SIRET 91392668900013 et qui est domicili\u00e9e au 32 Rue Louis Gillain, 27300 BERNAY<\/p>\n\n\n\n<p style=\"font-size:18px\">Responsable de la publication : Le Trait d&rsquo;Union, joignable par t\u00e9l\u00e9phone au 0277097766 et par email <a href=\"mailto:cafeassobernay@gmail.com\">cafeassobernay@gmail.com<\/a><\/p>\n\n\n\n<p style=\"font-size:18px\">Webmaster du site: Allan Vemy, joignable par t\u00e9l\u00e9phone au 0634449672<\/p>\n\n\n\n<p style=\"font-size:18px\">H\u00e9bergeur du site: IONOS, qui est domicili\u00e9 7, place de la Gare, BP 70109, 57200 Sarreguemines Cedex. et joignable par t\u00e9l\u00e9phone au 09.70.80.89.11<\/p>\n\n\n\n<p style=\"font-size:18px\">Propri\u00e9t\u00e9 intellectuelle et contrefa\u00e7ons<\/p>\n\n\n\n<p style=\"font-size:18px\">L\u2019entreprise Le Trait d&rsquo;Union est propri\u00e9taire des droits de propri\u00e9t\u00e9 intellectuelle ou d\u00e9tient les droits d\u2019usage sur tous les \u00e9l\u00e9ments accessibles sur le site, notamment : les textes, les images, les graphismes, le logo, les ic\u00f4nes,\u2026<\/p>\n\n\n\n<p style=\"font-size:18px\">Toute reproduction, repr\u00e9sentation, modification, publication, adaptation de tout ou partie des \u00e9l\u00e9ments du site, quel que soit le moyen ou le proc\u00e9d\u00e9 utilis\u00e9, est interdite, sauf autorisation \u00e9crite pr\u00e9alable de l\u2019entreprise Le Trait d&rsquo;Union.<\/p>\n\n\n\n<p style=\"font-size:18px\">Toute exploitation non autoris\u00e9e du site ou d\u2019un quelconque \u00e9l\u00e9ment qu\u2019il contient sera consid\u00e9r\u00e9e comme constitutive d\u2019une contrefa\u00e7on et poursuivie conform\u00e9ment aux dispositions des articles L.335-2 et suivants du Code de Propri\u00e9t\u00e9 Intellectuelle.<\/p>\n\n\n\n<p style=\"font-size:18px\">Cookies et traceurs<\/p>\n\n\n\n<p style=\"font-size:18px\">Le site internet letraitdunionbernay.fr poss\u00e8de un syst\u00e8me de mesure d\u2019audience, ainsi qu\u2019une fonction de partage sur les r\u00e9seaux sociaux.<\/p>\n\n\n\n<p style=\"font-size:18px\">En application de la directive europ\u00e9enne dite \u00ab paquet t\u00e9l\u00e9com \u00bb, les internautes doivent \u00eatre inform\u00e9s et donner leur consentement pr\u00e9alablement \u00e0 l\u2019insertion de traceurs (plus couramment appel\u00e9s \u00ab cookies \u00bb). Les internautes doivent disposer d\u2019une possibilit\u00e9 de choisir de ne pas \u00eatre trac\u00e9s lorsqu\u2019ils visitent un site ou utilisent une application. Les \u00e9diteurs de sites internet ont donc l\u2019obligation de solliciter au pr\u00e9alable le consentement des utilisateurs.<\/p>\n\n\n\n<p style=\"font-size:18px\">Le refus d\u2019installation d\u2019un cookie peut entra\u00eener l\u2019impossibilit\u00e9 d\u2019acc\u00e9der \u00e0 certains services. L\u2019internaute peut toutefois configurer son navigateur internet pour refuser l\u2019installation des cookies.<\/p>\n\n\n\n<p style=\"font-size:18px\">Mesure d\u2019audience<\/p>\n\n\n\n<p style=\"font-size:18px\">Les cookies de mesure d\u2019audience sont de petits fichiers qui permettent de conna\u00eetre et d\u2019analyser les statistiques de trafic sur le site internet : les pages visit\u00e9es, le nombre de visites, le taux de rebond, la provenance des visites,\u2026 Les cookies de mesure d\u2019audience sont totalement anonymes.<\/p>\n\n\n\n<p style=\"font-size:18px\">Sur ce site, c\u2019est la solution Google Analytics qui est utilis\u00e9e pour mesurer l\u2019audience.<\/p>\n\n\n\n<p style=\"font-size:18px\">R\u00e9seaux sociaux<\/p>\n\n\n\n<p style=\"font-size:18px\">Les cookies li\u00e9s aux r\u00e9seaux sociaux sont associ\u00e9s aux boutons qui facilitent le partage des pages et articles sur les r\u00e9seaux sociaux.<\/p>\n\n\n\n<p style=\"font-size:18px\">Formulaire de contact et commentaires<\/p>\n\n\n\n<p style=\"font-size:18px\">Vous pouvez \u00eatre amen\u00e9 \u00e0 nous indiquer votre adresse e-mail lorsque vous remplissez notre formulaire de contact ou d\u00e9posez un commentaire sur l\u2019un des articles du site site letraitdunionbernay.fr<\/p>\n\n\n\n<p style=\"font-size:18px\">En aucun cas, votre adresse e-mail ne sera c\u00e9d\u00e9e \u00e0 des tiers.<\/p>\n\n\n\n<p style=\"font-size:18px\">Mod\u00e9ration des commentaires<\/p>\n\n\n\n<p style=\"font-size:18px\">Le choix de validation d\u2019un commentaire sur le site letraitdunionbernay.fr est laiss\u00e9 \u00e0 l\u2019enti\u00e8re appr\u00e9ciation du responsable de publication. Les commentaires peuvent \u00eatre supprim\u00e9s, modifi\u00e9s et corrig\u00e9s pour une meilleure compr\u00e9hension des visiteurs (notamment pour l\u2019orthographe).<\/p>\n\n\n\n<p style=\"font-size:18px\">L\u2019internaute peut signer son commentaire de son nom ou pseudo ou nom de son entreprise. Il peut \u00e9galement renseign\u00e9 une URL dans le champ \u00ab site web \u00bb. Ce lien peut ne pas appara\u00eetre si il a \u00e9t\u00e9 jug\u00e9 que le commentaire n\u2019apportait pas r\u00e9ellement de plus value \u00e0 l\u2019article. Ceci, m\u00eame si le commentaire est publi\u00e9.<\/p>\n\n\n\n<p style=\"font-size:18px\">Voici des exemples de cas ou un commentaire peut-\u00eatre mod\u00e9r\u00e9 ou supprim\u00e9 :<\/p>\n\n\n\n<p style=\"font-size:18px\">*&nbsp;&nbsp;&nbsp;&nbsp;&nbsp;&nbsp;&nbsp;&nbsp;&nbsp;&nbsp;&nbsp;&nbsp; Il a \u00e9t\u00e9 supprim\u00e9 par l\u2019anti-spam<\/p>\n\n\n\n<p style=\"font-size:18px\">*&nbsp;&nbsp;&nbsp;&nbsp;&nbsp;&nbsp;&nbsp;&nbsp;&nbsp;&nbsp;&nbsp;&nbsp; Il n\u2019apporte pas r\u00e9ellement de plus value et n\u2019est pas utile pour les internautes<\/p>\n\n\n\n<p style=\"font-size:18px\">*&nbsp;&nbsp;&nbsp;&nbsp;&nbsp;&nbsp;&nbsp;&nbsp;&nbsp;&nbsp;&nbsp;&nbsp; Il est truff\u00e9 de fautes d\u2019orthographe ou incompr\u00e9hensible<\/p>\n\n\n\n<p style=\"font-size:18px\">*&nbsp;&nbsp;&nbsp;&nbsp;&nbsp;&nbsp;&nbsp;&nbsp;&nbsp;&nbsp;&nbsp;&nbsp; Il semble \u00eatre d\u00e9pos\u00e9 uniquement dans un but auto-promotionnel<\/p>\n\n\n\n<p style=\"font-size:18px\">*&nbsp;&nbsp;&nbsp;&nbsp;&nbsp;&nbsp;&nbsp;&nbsp;&nbsp;&nbsp;&nbsp;&nbsp; Le mail indiqu\u00e9 est visiblement faux<\/p>\n\n\n\n<p style=\"font-size:18px\">*&nbsp;&nbsp;&nbsp;&nbsp;&nbsp;&nbsp;&nbsp;&nbsp;&nbsp;&nbsp;&nbsp;&nbsp; Il est jug\u00e9 diffamatoire pour un tiers<\/p>\n\n\n\n<p style=\"font-size:18px\">Newsletter<\/p>\n\n\n\n<p style=\"font-size:18px\">Vous pouvez vous abonner \u00e0 la newsletter du site. Vous recevez alors automatiquement et gratuitement des newsletters traitants les sujets du site letraitdunionbernay.fr<\/p>\n\n\n\n<p style=\"font-size:18px\">Vous pouvez vous d\u00e9sinscrire \u00e0 tout moment de la newsletter en cliquant sur le lien de d\u00e9sabonnement pr\u00e9sent en bas de chaque newsletter.<\/p>\n\n\n\n<p style=\"font-size:18px\">En aucun cas, votre adresse e-mail ne sera c\u00e9d\u00e9e \u00e0 des tiers.<\/p>\n\n\n\n<p style=\"font-size:18px\">Liens hypertextes<\/p>\n\n\n\n<p style=\"font-size:18px\">Ce site internet contient un certain nombre de liens hypertextes vers d\u2019autres sites. Cependant, letraitdunionbernay.fr &nbsp;n\u2019a pas la possibilit\u00e9 de suivre et v\u00e9rifier le contenu de ces sites, et n\u2019assumera en cons\u00e9quence aucune responsabilit\u00e9 de ce fait.<\/p>\n\n\n\n<p style=\"font-size:18px\">Flux RSS<\/p>\n\n\n\n<p style=\"font-size:18px\">Les flux RSS sont exclusivement destin\u00e9s aux visiteurs du site pour une utilisation personnelle et ne sauraient en aucun cas servir \u00e0 alimenter d\u2019autres sites, sauf autorisation \u00e9crite pr\u00e9alable de letraitdunionbernay.fr<\/p>\n","protected":false},"excerpt":{"rendered":"<p>Pr\u00e9sentation du site En vertu de l&rsquo;article 6 de la loi n\u00b0 2004-575 du 21 juin 2004 pour la confiance dans l&rsquo;\u00e9conomie num\u00e9rique, il est pr\u00e9cis\u00e9 aux utilisateurs du site letraitdunionbernay.fr l&rsquo;identit\u00e9 des diff\u00e9rents intervenants dans le cadre de sa r\u00e9alisation et de son suivi : Le pr\u00e9sent site est [&hellip;]<\/p>\n","protected":false},"author":2,"featured_media":0,"parent":0,"menu_order":0,"comment_status":"closed","ping_status":"closed","template":"","meta":{"_seopress_robots_primary_cat":"","_seopress_titles_title":"","_seopress_titles_desc":"","_seopress_robots_index":"","footnotes":""},"class_list":["post-454","page","type-page","status-publish","hentry"],"yoast_head":"<!-- This site is optimized with the Yoast SEO plugin v27.4 - https:\/\/yoast.com\/product\/yoast-seo-wordpress\/ -->\n<title>Mentions l\u00e9gales - Le Trait d&#039;Union<\/title>\n<meta name=\"robots\" content=\"index, follow, max-snippet:-1, max-image-preview:large, max-video-preview:-1\" \/>\n<link rel=\"canonical\" href=\"https:\/\/letraitdunionbernay.fr\/?page_id=454\" \/>\n<meta property=\"og:locale\" content=\"fr_FR\" \/>\n<meta property=\"og:type\" content=\"article\" \/>\n<meta property=\"og:title\" content=\"Mentions l\u00e9gales - Le Trait d&#039;Union\" \/>\n<meta property=\"og:description\" content=\"Pr\u00e9sentation du site En vertu de l&rsquo;article 6 de la loi n\u00b0 2004-575 du 21 juin 2004 pour la confiance dans l&rsquo;\u00e9conomie num\u00e9rique, il est pr\u00e9cis\u00e9 aux utilisateurs du site letraitdunionbernay.fr l&rsquo;identit\u00e9 des diff\u00e9rents intervenants dans le cadre de sa r\u00e9alisation et de son suivi : Le pr\u00e9sent site est [&hellip;]\" \/>\n<meta property=\"og:url\" content=\"https:\/\/letraitdunionbernay.fr\/?page_id=454\" \/>\n<meta property=\"og:site_name\" content=\"Le Trait d&#039;Union\" \/>\n<meta property=\"article:publisher\" content=\"https:\/\/www.facebook.com\/letraitdunionbernay\" \/>\n<meta property=\"article:modified_time\" content=\"2022-10-18T09:44:31+00:00\" \/>\n<meta name=\"twitter:card\" content=\"summary_large_image\" \/>\n<meta name=\"twitter:label1\" content=\"Dur\u00e9e de lecture estim\u00e9e\" \/>\n\t<meta name=\"twitter:data1\" content=\"4 minutes\" \/>\n<script type=\"application\/ld+json\" class=\"yoast-schema-graph\">{\"@context\":\"https:\\\/\\\/schema.org\",\"@graph\":[{\"@type\":\"WebPage\",\"@id\":\"https:\\\/\\\/letraitdunionbernay.fr\\\/?page_id=454\",\"url\":\"https:\\\/\\\/letraitdunionbernay.fr\\\/?page_id=454\",\"name\":\"Mentions l\u00e9gales - Le Trait d'Union\",\"isPartOf\":{\"@id\":\"https:\\\/\\\/letraitdunionbernay.fr\\\/#website\"},\"datePublished\":\"2022-10-10T13:00:32+00:00\",\"dateModified\":\"2022-10-18T09:44:31+00:00\",\"breadcrumb\":{\"@id\":\"https:\\\/\\\/letraitdunionbernay.fr\\\/?page_id=454#breadcrumb\"},\"inLanguage\":\"fr-FR\",\"potentialAction\":[{\"@type\":\"ReadAction\",\"target\":[\"https:\\\/\\\/letraitdunionbernay.fr\\\/?page_id=454\"]}]},{\"@type\":\"BreadcrumbList\",\"@id\":\"https:\\\/\\\/letraitdunionbernay.fr\\\/?page_id=454#breadcrumb\",\"itemListElement\":[{\"@type\":\"ListItem\",\"position\":1,\"name\":\"Accueil\",\"item\":\"https:\\\/\\\/letraitdunionbernay.fr\\\/\"},{\"@type\":\"ListItem\",\"position\":2,\"name\":\"Mentions l\u00e9gales\"}]},{\"@type\":\"WebSite\",\"@id\":\"https:\\\/\\\/letraitdunionbernay.fr\\\/#website\",\"url\":\"https:\\\/\\\/letraitdunionbernay.fr\\\/\",\"name\":\"Le Trait d'Union\",\"description\":\"Le Trait d'Union fait la force !\",\"publisher\":{\"@id\":\"https:\\\/\\\/letraitdunionbernay.fr\\\/#organization\"},\"potentialAction\":[{\"@type\":\"SearchAction\",\"target\":{\"@type\":\"EntryPoint\",\"urlTemplate\":\"https:\\\/\\\/letraitdunionbernay.fr\\\/?s={search_term_string}\"},\"query-input\":{\"@type\":\"PropertyValueSpecification\",\"valueRequired\":true,\"valueName\":\"search_term_string\"}}],\"inLanguage\":\"fr-FR\"},{\"@type\":\"Organization\",\"@id\":\"https:\\\/\\\/letraitdunionbernay.fr\\\/#organization\",\"name\":\"Le Trait d'Union\",\"url\":\"https:\\\/\\\/letraitdunionbernay.fr\\\/\",\"logo\":{\"@type\":\"ImageObject\",\"inLanguage\":\"fr-FR\",\"@id\":\"https:\\\/\\\/letraitdunionbernay.fr\\\/#\\\/schema\\\/logo\\\/image\\\/\",\"url\":\"https:\\\/\\\/letraitdunionbernay.fr\\\/wp-content\\\/uploads\\\/2022\\\/10\\\/cropped-logo-herve.png\",\"contentUrl\":\"https:\\\/\\\/letraitdunionbernay.fr\\\/wp-content\\\/uploads\\\/2022\\\/10\\\/cropped-logo-herve.png\",\"width\":1181,\"height\":1316,\"caption\":\"Le Trait d'Union\"},\"image\":{\"@id\":\"https:\\\/\\\/letraitdunionbernay.fr\\\/#\\\/schema\\\/logo\\\/image\\\/\"},\"sameAs\":[\"https:\\\/\\\/www.facebook.com\\\/letraitdunionbernay\",\"https:\\\/\\\/www.instagram.com\\\/letraitdunionbernay\\\/\"]}]}<\/script>\n<!-- \/ Yoast SEO plugin. -->","yoast_head_json":{"title":"Mentions l\u00e9gales - Le Trait d'Union","robots":{"index":"index","follow":"follow","max-snippet":"max-snippet:-1","max-image-preview":"max-image-preview:large","max-video-preview":"max-video-preview:-1"},"canonical":"https:\/\/letraitdunionbernay.fr\/?page_id=454","og_locale":"fr_FR","og_type":"article","og_title":"Mentions l\u00e9gales - Le Trait d'Union","og_description":"Pr\u00e9sentation du site En vertu de l&rsquo;article 6 de la loi n\u00b0 2004-575 du 21 juin 2004 pour la confiance dans l&rsquo;\u00e9conomie num\u00e9rique, il est pr\u00e9cis\u00e9 aux utilisateurs du site letraitdunionbernay.fr l&rsquo;identit\u00e9 des diff\u00e9rents intervenants dans le cadre de sa r\u00e9alisation et de son suivi : Le pr\u00e9sent site est [&hellip;]","og_url":"https:\/\/letraitdunionbernay.fr\/?page_id=454","og_site_name":"Le Trait d'Union","article_publisher":"https:\/\/www.facebook.com\/letraitdunionbernay","article_modified_time":"2022-10-18T09:44:31+00:00","twitter_card":"summary_large_image","twitter_misc":{"Dur\u00e9e de lecture estim\u00e9e":"4 minutes"},"schema":{"@context":"https:\/\/schema.org","@graph":[{"@type":"WebPage","@id":"https:\/\/letraitdunionbernay.fr\/?page_id=454","url":"https:\/\/letraitdunionbernay.fr\/?page_id=454","name":"Mentions l\u00e9gales - Le Trait d'Union","isPartOf":{"@id":"https:\/\/letraitdunionbernay.fr\/#website"},"datePublished":"2022-10-10T13:00:32+00:00","dateModified":"2022-10-18T09:44:31+00:00","breadcrumb":{"@id":"https:\/\/letraitdunionbernay.fr\/?page_id=454#breadcrumb"},"inLanguage":"fr-FR","potentialAction":[{"@type":"ReadAction","target":["https:\/\/letraitdunionbernay.fr\/?page_id=454"]}]},{"@type":"BreadcrumbList","@id":"https:\/\/letraitdunionbernay.fr\/?page_id=454#breadcrumb","itemListElement":[{"@type":"ListItem","position":1,"name":"Accueil","item":"https:\/\/letraitdunionbernay.fr\/"},{"@type":"ListItem","position":2,"name":"Mentions l\u00e9gales"}]},{"@type":"WebSite","@id":"https:\/\/letraitdunionbernay.fr\/#website","url":"https:\/\/letraitdunionbernay.fr\/","name":"Le Trait d'Union","description":"Le Trait d'Union fait la force !","publisher":{"@id":"https:\/\/letraitdunionbernay.fr\/#organization"},"potentialAction":[{"@type":"SearchAction","target":{"@type":"EntryPoint","urlTemplate":"https:\/\/letraitdunionbernay.fr\/?s={search_term_string}"},"query-input":{"@type":"PropertyValueSpecification","valueRequired":true,"valueName":"search_term_string"}}],"inLanguage":"fr-FR"},{"@type":"Organization","@id":"https:\/\/letraitdunionbernay.fr\/#organization","name":"Le Trait d'Union","url":"https:\/\/letraitdunionbernay.fr\/","logo":{"@type":"ImageObject","inLanguage":"fr-FR","@id":"https:\/\/letraitdunionbernay.fr\/#\/schema\/logo\/image\/","url":"https:\/\/letraitdunionbernay.fr\/wp-content\/uploads\/2022\/10\/cropped-logo-herve.png","contentUrl":"https:\/\/letraitdunionbernay.fr\/wp-content\/uploads\/2022\/10\/cropped-logo-herve.png","width":1181,"height":1316,"caption":"Le Trait d'Union"},"image":{"@id":"https:\/\/letraitdunionbernay.fr\/#\/schema\/logo\/image\/"},"sameAs":["https:\/\/www.facebook.com\/letraitdunionbernay","https:\/\/www.instagram.com\/letraitdunionbernay\/"]}]}},"_links":{"self":[{"href":"https:\/\/letraitdunionbernay.fr\/index.php?rest_route=\/wp\/v2\/pages\/454","targetHints":{"allow":["GET"]}}],"collection":[{"href":"https:\/\/letraitdunionbernay.fr\/index.php?rest_route=\/wp\/v2\/pages"}],"about":[{"href":"https:\/\/letraitdunionbernay.fr\/index.php?rest_route=\/wp\/v2\/types\/page"}],"author":[{"embeddable":true,"href":"https:\/\/letraitdunionbernay.fr\/index.php?rest_route=\/wp\/v2\/users\/2"}],"replies":[{"embeddable":true,"href":"https:\/\/letraitdunionbernay.fr\/index.php?rest_route=%2Fwp%2Fv2%2Fcomments&post=454"}],"version-history":[{"count":0,"href":"https:\/\/letraitdunionbernay.fr\/index.php?rest_route=\/wp\/v2\/pages\/454\/revisions"}],"wp:attachment":[{"href":"https:\/\/letraitdunionbernay.fr\/index.php?rest_route=%2Fwp%2Fv2%2Fmedia&parent=454"}],"curies":[{"name":"wp","href":"https:\/\/api.w.org\/{rel}","templated":true}]}}