{"id":408,"date":"2022-10-10T11:46:10","date_gmt":"2022-10-10T11:46:10","guid":{"rendered":"https:\/\/letraitdunionbernay.fr\/?page_id=408"},"modified":"2026-01-10T20:26:35","modified_gmt":"2026-01-10T20:26:35","slug":"que-faire-au-t-u-2","status":"publish","type":"page","link":"https:\/\/letraitdunionbernay.fr\/?page_id=408","title":{"rendered":"Que faire au T-U ?"},"content":{"rendered":"\n<h1 class=\"wp-block-heading has-text-align-center\" style=\"font-size:25px\"><span style=\"color:#000000\" class=\"tadv-color\">En fonction de la programmation :<\/span><\/h1>\n\n\n\n<div class=\"wp-block-group has-black-color has-text-color\" style=\"font-size:18px\"><div class=\"wp-block-group__inner-container is-layout-flow wp-block-group-is-layout-flow\">\n<p style=\"text-align: center;\"><span style=\"color: #000000;\" class=\"tadv-color\">Concerts, ateliers, groupes de paroles, conf\u00e9rences et d\u00e9bats, soir\u00e9es jeux hebdomadaires&#8230;<\/span><\/p>\n<p style=\"text-align: center;\"><span style=\"color: #000000;\" class=\"tadv-color\">Retrouvez l&rsquo;int\u00e9gralit\u00e9 de la programmation ci-dessous, sur notre <a href=\"http:\/\/facebook.com\/letraitdunionbernay\">page Facebook<\/a>, sur le calendrier <a href=\"http:\/\/bit.ly\/calendrierbernay\"><\/a> ci-dessous ou encore affich\u00e9e au caf\u00e9 ! <\/span><\/p>\n<\/div><\/div>\n\n\n\n<iframe src=\"https:\/\/calendar.google.com\/calendar\/embed?src=bo0efpgr0rihhi140aa7h4cqtg%40group.calendar.google.com&#038;ctz=Europe%2FParis\" style=\"border: 0\" width=\"800\" height=\"600\" frameborder=\"0\" scrolling=\"no\"><\/iframe>\n\n\n<style>.kb-image408_d60a19-7c.kb-image-is-ratio-size, .kb-image408_d60a19-7c .kb-image-is-ratio-size{max-width:337px;width:100%;}.wp-block-kadence-column > .kt-inside-inner-col > .kb-image408_d60a19-7c.kb-image-is-ratio-size, .wp-block-kadence-column > .kt-inside-inner-col > .kb-image408_d60a19-7c .kb-image-is-ratio-size{align-self:unset;}.kb-image408_d60a19-7c figure{max-width:337px;}.kb-image408_d60a19-7c .image-is-svg, .kb-image408_d60a19-7c .image-is-svg img{width:100%;}.kb-image408_d60a19-7c .kb-image-has-overlay:after{opacity:0.3;}<\/style>\n<div class=\"wp-block-kadence-image kb-image408_d60a19-7c\"><figure class=\"aligncenter size-full\"><img fetchpriority=\"high\" decoding=\"async\" width=\"761\" height=\"574\" src=\"https:\/\/letraitdunionbernay.fr\/wp-content\/uploads\/2022\/10\/giphy.gif\" alt=\"\" class=\"kb-img wp-image-789\"\/><\/figure><\/div>\n\n\n\n<p class=\"has-text-align-center\" style=\"font-size:18px\"><span style=\"color:#000000\" class=\"tadv-color\"><strong>Qui anime tout \u00e7a ? Tout le monde !<\/strong><\/span><\/p>\n\n\n\n<p class=\"has-text-align-center\" style=\"font-size:18px\"><span class=\"tadv-color\" style=\"color:#000000\">Tu as envie de proposer une activit\u00e9 ? Envoie-nous un message \u00e0 : <a href=\"mailto:activitetu@gmail.com\" target=\"_blank\" rel=\"noreferrer noopener\">activitetu@gmail.com<\/a>, toutes les id\u00e9es sont bienvenues !<\/span><br><\/p>\n\n\n<style>.kadence-column408_0c1d98-8f > .kt-inside-inner-col,.kadence-column408_0c1d98-8f > .kt-inside-inner-col:before{border-top-left-radius:0px;border-top-right-radius:0px;border-bottom-right-radius:0px;border-bottom-left-radius:0px;}.kadence-column408_0c1d98-8f > .kt-inside-inner-col{column-gap:var(--global-kb-gap-sm, 1rem);}.kadence-column408_0c1d98-8f > .kt-inside-inner-col{flex-direction:column;}.kadence-column408_0c1d98-8f > .kt-inside-inner-col > .aligncenter{width:100%;}.kadence-column408_0c1d98-8f > .kt-inside-inner-col:before{opacity:0.3;}.kadence-column408_0c1d98-8f{text-align:left;}.kadence-column408_0c1d98-8f{position:relative;}@media all and (max-width: 1024px){.kadence-column408_0c1d98-8f > .kt-inside-inner-col{flex-direction:column;justify-content:center;}}@media all and (max-width: 767px){.kadence-column408_0c1d98-8f > .kt-inside-inner-col{flex-direction:column;justify-content:center;}}<\/style>\n<div class=\"wp-block-kadence-column kadence-column408_0c1d98-8f inner-column-1\"><div class=\"kt-inside-inner-col\">\n<h1 class=\"wp-block-heading has-text-align-center has-black-color has-text-color\" style=\"font-size:25px\"> <br>Disponibles en permanence : <\/h1>\n\n\n<style>.kb-image408_8c3676-a2 .kb-image-has-overlay:after{opacity:0.3;}<\/style>\n<figure class=\"wp-block-kadence-image kb-image408_8c3676-a2 alignwide size-large\"><img decoding=\"async\" width=\"1024\" height=\"571\" src=\"https:\/\/letraitdunionbernay.fr\/wp-content\/uploads\/2026\/01\/que-faire-1024x571.jpg\" alt=\"\" class=\"kb-img wp-image-1454\" srcset=\"https:\/\/letraitdunionbernay.fr\/wp-content\/uploads\/2026\/01\/que-faire-1024x571.jpg 1024w, https:\/\/letraitdunionbernay.fr\/wp-content\/uploads\/2026\/01\/que-faire-300x167.jpg 300w, https:\/\/letraitdunionbernay.fr\/wp-content\/uploads\/2026\/01\/que-faire-768x428.jpg 768w, https:\/\/letraitdunionbernay.fr\/wp-content\/uploads\/2026\/01\/que-faire.jpg 1233w\" sizes=\"(max-width: 1024px) 100vw, 1024px\" \/><\/figure>\n\n\n\n<div class=\"wp-block-columns is-layout-flex wp-container-core-columns-is-layout-28f84493 wp-block-columns-is-layout-flex\">\n<div class=\"wp-block-column is-layout-flow wp-block-column-is-layout-flow\"><\/div>\n<\/div>\n<\/div><\/div>\n\n\n\n<h1 class=\"wp-block-heading has-text-align-center\" style=\"font-size:25px\"><span style=\"color:#000000\" class=\"tadv-color\">Qu&rsquo;est-ce qu&rsquo;on vous sert ?<\/span><\/h1>\n\n\n\n<figure class=\"wp-block-image alignwide size-large\"><img decoding=\"async\" width=\"1093\" height=\"616\" src=\"https:\/\/letraitdunionbernay.fr\/wp-content\/uploads\/2023\/09\/bouffe-edited.png\" alt=\"\" class=\"wp-image-1343\" srcset=\"https:\/\/letraitdunionbernay.fr\/wp-content\/uploads\/2023\/09\/bouffe-edited.png 1093w, https:\/\/letraitdunionbernay.fr\/wp-content\/uploads\/2023\/09\/bouffe-edited-300x169.png 300w, https:\/\/letraitdunionbernay.fr\/wp-content\/uploads\/2023\/09\/bouffe-edited-1024x577.png 1024w, https:\/\/letraitdunionbernay.fr\/wp-content\/uploads\/2023\/09\/bouffe-edited-768x433.png 768w\" sizes=\"(max-width: 1093px) 100vw, 1093px\" \/><\/figure>\n\n\n\n<h1 class=\"wp-block-heading has-text-align-center has-black-color has-text-color\" style=\"font-size:25px;font-style:normal;font-weight:600;text-transform:capitalize\"><\/h1>\n\n\n\n<h1 class=\"wp-block-heading has-text-align-center\" style=\"font-size:25px\"><span class=\"tadv-color\" style=\"color:#000000\">Ca vous tente ? On vous attend au T-U !<\/span><br><br><\/h1>\n","protected":false},"excerpt":{"rendered":"<p>En fonction de la programmation : Concerts, ateliers, groupes de paroles, conf\u00e9rences et d\u00e9bats, soir\u00e9es jeux hebdomadaires&#8230; Retrouvez l&rsquo;int\u00e9gralit\u00e9 de la programmation ci-dessous, sur notre page Facebook, sur le calendrier ci-dessous ou encore affich\u00e9e au caf\u00e9 ! Qui anime tout \u00e7a ? Tout le monde ! Tu as envie de [&hellip;]<\/p>\n","protected":false},"author":2,"featured_media":0,"parent":0,"menu_order":0,"comment_status":"closed","ping_status":"closed","template":"","meta":{"_seopress_robots_primary_cat":"","_seopress_titles_title":"","_seopress_titles_desc":"","_seopress_robots_index":"","footnotes":""},"class_list":["post-408","page","type-page","status-publish","hentry"],"yoast_head":"<!-- This site is optimized with the Yoast SEO plugin v27.4 - https:\/\/yoast.com\/product\/yoast-seo-wordpress\/ -->\n<title>Que faire au T-U ? - Le Trait d&#039;Union<\/title>\n<meta name=\"description\" content=\"Le T-U est un lieu festif, convivial pour se retrouver pour boire un verre ou papoter. Un espace d\u2019engagement solidaire, entraide, \u00e9changes.\" \/>\n<meta name=\"robots\" content=\"index, follow, max-snippet:-1, max-image-preview:large, max-video-preview:-1\" \/>\n<link rel=\"canonical\" href=\"https:\/\/letraitdunionbernay.fr\/?page_id=408\" \/>\n<meta property=\"og:locale\" content=\"fr_FR\" \/>\n<meta property=\"og:type\" content=\"article\" \/>\n<meta property=\"og:title\" content=\"Que faire au T-U ? - Le Trait d&#039;Union\" \/>\n<meta property=\"og:description\" content=\"Le T-U est un lieu festif, convivial pour se retrouver pour boire un verre ou papoter. Un espace d\u2019engagement solidaire, entraide, \u00e9changes.\" \/>\n<meta property=\"og:url\" content=\"https:\/\/letraitdunionbernay.fr\/?page_id=408\" \/>\n<meta property=\"og:site_name\" content=\"Le Trait d&#039;Union\" \/>\n<meta property=\"article:publisher\" content=\"https:\/\/www.facebook.com\/letraitdunionbernay\" \/>\n<meta property=\"article:modified_time\" content=\"2026-01-10T20:26:35+00:00\" \/>\n<meta property=\"og:image\" content=\"https:\/\/letraitdunionbernay.fr\/wp-content\/uploads\/2022\/10\/giphy.gif\" \/>\n\t<meta property=\"og:image:width\" content=\"761\" \/>\n\t<meta property=\"og:image:height\" content=\"574\" \/>\n\t<meta property=\"og:image:type\" content=\"image\/gif\" \/>\n<meta name=\"twitter:card\" content=\"summary_large_image\" \/>\n<meta name=\"twitter:label1\" content=\"Dur\u00e9e de lecture estim\u00e9e\" \/>\n\t<meta name=\"twitter:data1\" content=\"1 minute\" \/>\n<script type=\"application\/ld+json\" class=\"yoast-schema-graph\">{\"@context\":\"https:\\\/\\\/schema.org\",\"@graph\":[{\"@type\":\"WebPage\",\"@id\":\"https:\\\/\\\/letraitdunionbernay.fr\\\/?page_id=408\",\"url\":\"https:\\\/\\\/letraitdunionbernay.fr\\\/?page_id=408\",\"name\":\"Que faire au T-U ? - Le Trait d'Union\",\"isPartOf\":{\"@id\":\"https:\\\/\\\/letraitdunionbernay.fr\\\/#website\"},\"primaryImageOfPage\":{\"@id\":\"https:\\\/\\\/letraitdunionbernay.fr\\\/?page_id=408#primaryimage\"},\"image\":{\"@id\":\"https:\\\/\\\/letraitdunionbernay.fr\\\/?page_id=408#primaryimage\"},\"thumbnailUrl\":\"https:\\\/\\\/letraitdunionbernay.fr\\\/wp-content\\\/uploads\\\/2022\\\/10\\\/giphy.gif\",\"datePublished\":\"2022-10-10T11:46:10+00:00\",\"dateModified\":\"2026-01-10T20:26:35+00:00\",\"description\":\"Le T-U est un lieu festif, convivial pour se retrouver pour boire un verre ou papoter. Un espace d\u2019engagement solidaire, entraide, \u00e9changes.\",\"breadcrumb\":{\"@id\":\"https:\\\/\\\/letraitdunionbernay.fr\\\/?page_id=408#breadcrumb\"},\"inLanguage\":\"fr-FR\",\"potentialAction\":[{\"@type\":\"ReadAction\",\"target\":[\"https:\\\/\\\/letraitdunionbernay.fr\\\/?page_id=408\"]}]},{\"@type\":\"ImageObject\",\"inLanguage\":\"fr-FR\",\"@id\":\"https:\\\/\\\/letraitdunionbernay.fr\\\/?page_id=408#primaryimage\",\"url\":\"https:\\\/\\\/letraitdunionbernay.fr\\\/wp-content\\\/uploads\\\/2022\\\/10\\\/giphy.gif\",\"contentUrl\":\"https:\\\/\\\/letraitdunionbernay.fr\\\/wp-content\\\/uploads\\\/2022\\\/10\\\/giphy.gif\",\"width\":761,\"height\":574},{\"@type\":\"BreadcrumbList\",\"@id\":\"https:\\\/\\\/letraitdunionbernay.fr\\\/?page_id=408#breadcrumb\",\"itemListElement\":[{\"@type\":\"ListItem\",\"position\":1,\"name\":\"Accueil\",\"item\":\"https:\\\/\\\/letraitdunionbernay.fr\\\/\"},{\"@type\":\"ListItem\",\"position\":2,\"name\":\"Que faire au T-U ?\"}]},{\"@type\":\"WebSite\",\"@id\":\"https:\\\/\\\/letraitdunionbernay.fr\\\/#website\",\"url\":\"https:\\\/\\\/letraitdunionbernay.fr\\\/\",\"name\":\"Le Trait d'Union\",\"description\":\"Le Trait d'Union fait la force !\",\"publisher\":{\"@id\":\"https:\\\/\\\/letraitdunionbernay.fr\\\/#organization\"},\"potentialAction\":[{\"@type\":\"SearchAction\",\"target\":{\"@type\":\"EntryPoint\",\"urlTemplate\":\"https:\\\/\\\/letraitdunionbernay.fr\\\/?s={search_term_string}\"},\"query-input\":{\"@type\":\"PropertyValueSpecification\",\"valueRequired\":true,\"valueName\":\"search_term_string\"}}],\"inLanguage\":\"fr-FR\"},{\"@type\":\"Organization\",\"@id\":\"https:\\\/\\\/letraitdunionbernay.fr\\\/#organization\",\"name\":\"Le Trait d'Union\",\"url\":\"https:\\\/\\\/letraitdunionbernay.fr\\\/\",\"logo\":{\"@type\":\"ImageObject\",\"inLanguage\":\"fr-FR\",\"@id\":\"https:\\\/\\\/letraitdunionbernay.fr\\\/#\\\/schema\\\/logo\\\/image\\\/\",\"url\":\"https:\\\/\\\/letraitdunionbernay.fr\\\/wp-content\\\/uploads\\\/2022\\\/10\\\/cropped-logo-herve.png\",\"contentUrl\":\"https:\\\/\\\/letraitdunionbernay.fr\\\/wp-content\\\/uploads\\\/2022\\\/10\\\/cropped-logo-herve.png\",\"width\":1181,\"height\":1316,\"caption\":\"Le Trait d'Union\"},\"image\":{\"@id\":\"https:\\\/\\\/letraitdunionbernay.fr\\\/#\\\/schema\\\/logo\\\/image\\\/\"},\"sameAs\":[\"https:\\\/\\\/www.facebook.com\\\/letraitdunionbernay\",\"https:\\\/\\\/www.instagram.com\\\/letraitdunionbernay\\\/\"]}]}<\/script>\n<!-- \/ Yoast SEO plugin. -->","yoast_head_json":{"title":"Que faire au T-U ? - Le Trait d'Union","description":"Le T-U est un lieu festif, convivial pour se retrouver pour boire un verre ou papoter. Un espace d\u2019engagement solidaire, entraide, \u00e9changes.","robots":{"index":"index","follow":"follow","max-snippet":"max-snippet:-1","max-image-preview":"max-image-preview:large","max-video-preview":"max-video-preview:-1"},"canonical":"https:\/\/letraitdunionbernay.fr\/?page_id=408","og_locale":"fr_FR","og_type":"article","og_title":"Que faire au T-U ? - Le Trait d'Union","og_description":"Le T-U est un lieu festif, convivial pour se retrouver pour boire un verre ou papoter. Un espace d\u2019engagement solidaire, entraide, \u00e9changes.","og_url":"https:\/\/letraitdunionbernay.fr\/?page_id=408","og_site_name":"Le Trait d'Union","article_publisher":"https:\/\/www.facebook.com\/letraitdunionbernay","article_modified_time":"2026-01-10T20:26:35+00:00","og_image":[{"width":761,"height":574,"url":"https:\/\/letraitdunionbernay.fr\/wp-content\/uploads\/2022\/10\/giphy.gif","type":"image\/gif"}],"twitter_card":"summary_large_image","twitter_misc":{"Dur\u00e9e de lecture estim\u00e9e":"1 minute"},"schema":{"@context":"https:\/\/schema.org","@graph":[{"@type":"WebPage","@id":"https:\/\/letraitdunionbernay.fr\/?page_id=408","url":"https:\/\/letraitdunionbernay.fr\/?page_id=408","name":"Que faire au T-U ? - Le Trait d'Union","isPartOf":{"@id":"https:\/\/letraitdunionbernay.fr\/#website"},"primaryImageOfPage":{"@id":"https:\/\/letraitdunionbernay.fr\/?page_id=408#primaryimage"},"image":{"@id":"https:\/\/letraitdunionbernay.fr\/?page_id=408#primaryimage"},"thumbnailUrl":"https:\/\/letraitdunionbernay.fr\/wp-content\/uploads\/2022\/10\/giphy.gif","datePublished":"2022-10-10T11:46:10+00:00","dateModified":"2026-01-10T20:26:35+00:00","description":"Le T-U est un lieu festif, convivial pour se retrouver pour boire un verre ou papoter. Un espace d\u2019engagement solidaire, entraide, \u00e9changes.","breadcrumb":{"@id":"https:\/\/letraitdunionbernay.fr\/?page_id=408#breadcrumb"},"inLanguage":"fr-FR","potentialAction":[{"@type":"ReadAction","target":["https:\/\/letraitdunionbernay.fr\/?page_id=408"]}]},{"@type":"ImageObject","inLanguage":"fr-FR","@id":"https:\/\/letraitdunionbernay.fr\/?page_id=408#primaryimage","url":"https:\/\/letraitdunionbernay.fr\/wp-content\/uploads\/2022\/10\/giphy.gif","contentUrl":"https:\/\/letraitdunionbernay.fr\/wp-content\/uploads\/2022\/10\/giphy.gif","width":761,"height":574},{"@type":"BreadcrumbList","@id":"https:\/\/letraitdunionbernay.fr\/?page_id=408#breadcrumb","itemListElement":[{"@type":"ListItem","position":1,"name":"Accueil","item":"https:\/\/letraitdunionbernay.fr\/"},{"@type":"ListItem","position":2,"name":"Que faire au T-U ?"}]},{"@type":"WebSite","@id":"https:\/\/letraitdunionbernay.fr\/#website","url":"https:\/\/letraitdunionbernay.fr\/","name":"Le Trait d'Union","description":"Le Trait d'Union fait la force !","publisher":{"@id":"https:\/\/letraitdunionbernay.fr\/#organization"},"potentialAction":[{"@type":"SearchAction","target":{"@type":"EntryPoint","urlTemplate":"https:\/\/letraitdunionbernay.fr\/?s={search_term_string}"},"query-input":{"@type":"PropertyValueSpecification","valueRequired":true,"valueName":"search_term_string"}}],"inLanguage":"fr-FR"},{"@type":"Organization","@id":"https:\/\/letraitdunionbernay.fr\/#organization","name":"Le Trait d'Union","url":"https:\/\/letraitdunionbernay.fr\/","logo":{"@type":"ImageObject","inLanguage":"fr-FR","@id":"https:\/\/letraitdunionbernay.fr\/#\/schema\/logo\/image\/","url":"https:\/\/letraitdunionbernay.fr\/wp-content\/uploads\/2022\/10\/cropped-logo-herve.png","contentUrl":"https:\/\/letraitdunionbernay.fr\/wp-content\/uploads\/2022\/10\/cropped-logo-herve.png","width":1181,"height":1316,"caption":"Le Trait d'Union"},"image":{"@id":"https:\/\/letraitdunionbernay.fr\/#\/schema\/logo\/image\/"},"sameAs":["https:\/\/www.facebook.com\/letraitdunionbernay","https:\/\/www.instagram.com\/letraitdunionbernay\/"]}]}},"_links":{"self":[{"href":"https:\/\/letraitdunionbernay.fr\/index.php?rest_route=\/wp\/v2\/pages\/408","targetHints":{"allow":["GET"]}}],"collection":[{"href":"https:\/\/letraitdunionbernay.fr\/index.php?rest_route=\/wp\/v2\/pages"}],"about":[{"href":"https:\/\/letraitdunionbernay.fr\/index.php?rest_route=\/wp\/v2\/types\/page"}],"author":[{"embeddable":true,"href":"https:\/\/letraitdunionbernay.fr\/index.php?rest_route=\/wp\/v2\/users\/2"}],"replies":[{"embeddable":true,"href":"https:\/\/letraitdunionbernay.fr\/index.php?rest_route=%2Fwp%2Fv2%2Fcomments&post=408"}],"version-history":[{"count":0,"href":"https:\/\/letraitdunionbernay.fr\/index.php?rest_route=\/wp\/v2\/pages\/408\/revisions"}],"wp:attachment":[{"href":"https:\/\/letraitdunionbernay.fr\/index.php?rest_route=%2Fwp%2Fv2%2Fmedia&parent=408"}],"curies":[{"name":"wp","href":"https:\/\/api.w.org\/{rel}","templated":true}]}}