{"id":12,"date":"2022-10-07T08:42:35","date_gmt":"2022-10-07T08:42:35","guid":{"rendered":"https:\/\/letraitdunionbernay.fr\/?page_id=12"},"modified":"2026-01-10T20:21:27","modified_gmt":"2026-01-10T20:21:27","slug":"participer","status":"publish","type":"page","link":"https:\/\/letraitdunionbernay.fr\/?page_id=12","title":{"rendered":"Participer \u00e0 la vie du T-U"},"content":{"rendered":"\n<h1 class=\"wp-block-heading has-text-align-center\" style=\"font-size:25px\"><span style=\"color:#96c124\" class=\"tadv-color\">Et moi ? Comment puis-je participer ?<\/span><\/h1>\n\n\n\n<p class=\"has-text-align-center has-black-color has-text-color\" style=\"font-size:18px\">Pour commencer, tu peux venir au caf\u00e9 asso pour <strong>adh\u00e9rer<\/strong> (seulement 10\u20ac pour l&rsquo;ann\u00e9e avec une boisson offerte) ! En tant qu&rsquo;adh\u00e9rent(e) tu peux consommer au comptoir et recevoir notre programme chaque semaine.<\/p>\n\n\n\n<p class=\"has-text-align-center has-black-color has-text-color\" style=\"font-size:18px\">Tu peux aussi <strong>tenir un cr\u00e9neau derri\u00e8re le comptoir<\/strong> : hyper utile ! C&rsquo;est gr\u00e2ce aux b\u00e9n\u00e9voles qui tiennent le comptoir que le T-U peut ouvrir ! Plus de d\u00e9tails ci-dessous !<\/p>\n\n\n\n<p class=\"has-text-align-center has-black-color has-text-color\" style=\"font-size:18px\">Tu peux aussi <strong>organiser un atelier, une conf\u00e9rence, une soir\u00e9e ou tout autre initiative<\/strong>, pour cela contacte-nous \u00e0 activitetu@gmail.com.<br><br><\/p>\n\n\n\n<h1 class=\"wp-block-heading alignfull has-text-align-center has-black-color has-white-background-color has-text-color has-background\" style=\"font-size:25px\"><span style=\"color:#e83c48\" class=\"tadv-color\">Tenir un cr\u00e9neau au comptoir :<\/span><\/h1>\n\n\n\n<div class=\"wp-block-columns are-vertically-aligned-center is-layout-flex wp-container-core-columns-is-layout-28f84493 wp-block-columns-is-layout-flex\">\n<div class=\"wp-block-column is-vertically-aligned-center is-layout-flow wp-block-column-is-layout-flow\" style=\"flex-basis:33.33%\">\n<figure class=\"wp-block-image size-large\"><img fetchpriority=\"high\" decoding=\"async\" width=\"654\" height=\"1024\" src=\"https:\/\/letraitdunionbernay.fr\/wp-content\/uploads\/2022\/10\/Bannieres-3000-\u00d7-1690-px-6000-\u00d7-3380-px-4-1-654x1024.png\" alt=\"\" class=\"wp-image-1127\" srcset=\"https:\/\/letraitdunionbernay.fr\/wp-content\/uploads\/2022\/10\/Bannieres-3000-\u00d7-1690-px-6000-\u00d7-3380-px-4-1-654x1024.png 654w, https:\/\/letraitdunionbernay.fr\/wp-content\/uploads\/2022\/10\/Bannieres-3000-\u00d7-1690-px-6000-\u00d7-3380-px-4-1-192x300.png 192w, https:\/\/letraitdunionbernay.fr\/wp-content\/uploads\/2022\/10\/Bannieres-3000-\u00d7-1690-px-6000-\u00d7-3380-px-4-1-768x1203.png 768w, https:\/\/letraitdunionbernay.fr\/wp-content\/uploads\/2022\/10\/Bannieres-3000-\u00d7-1690-px-6000-\u00d7-3380-px-4-1-981x1536.png 981w, https:\/\/letraitdunionbernay.fr\/wp-content\/uploads\/2022\/10\/Bannieres-3000-\u00d7-1690-px-6000-\u00d7-3380-px-4-1-1308x2048.png 1308w, https:\/\/letraitdunionbernay.fr\/wp-content\/uploads\/2022\/10\/Bannieres-3000-\u00d7-1690-px-6000-\u00d7-3380-px-4-1.png 1828w\" sizes=\"(max-width: 654px) 100vw, 654px\" \/><\/figure>\n<\/div>\n\n\n\n<div class=\"wp-block-column is-vertically-aligned-center is-layout-flow wp-block-column-is-layout-flow\" style=\"flex-basis:66.66%\">\n<p style=\"font-size:18px\"><strong><span style=\"color:#f49200\" class=\"tadv-color\">Ca consiste en quoi ? <\/span><\/strong><\/p>\n\n\n\n<p style=\"font-size:18px\"><span style=\"color:#000000\" class=\"tadv-color\">Pendant deux heures, tu es charg\u00e9(e) d&rsquo;accueillir les personnes arrivant au T-U et les servir. Tu seras avec un(e) autre b\u00e9n\u00e9vole r\u00e9f\u00e9rent(e) qui t&rsquo;aidera : pas de stress !<\/span><\/p>\n\n\n\n<p style=\"font-size:18px\"><strong><span style=\"color:#e83c48\" class=\"tadv-color\">Qui peut le faire ? <\/span><\/strong><\/p>\n\n\n\n<p style=\"font-size:18px\"><span class=\"tadv-color\" style=\"color:#000000\">Tout le monde ! Pas de pr\u00e9-requis, \u00e0 part adh\u00e9rer \u00e0 notre association pour 10\u20ac\/an.<\/span><\/p>\n\n\n\n<p class=\"has-black-color has-text-color\" style=\"font-size:18px\"><strong><span style=\"color:#f49200\" class=\"tadv-color\">Comment s&rsquo;inscrit-on ? <\/span><\/strong><\/p>\n\n\n\n<p class=\"has-black-color has-text-color\" style=\"font-size:18px\">1) Tu envoies un mail \u00e0 <strong>cafeassobernay@gmail.com<\/strong>, pour qu&rsquo;on t&rsquo;ajoute \u00e0 la liste des b\u00e9n\u00e9voles.<\/p>\n\n\n\n<p class=\"has-black-color has-text-color\" style=\"font-size:18px\">2) Tu recevras chaque semaine par mail le fichier en ligne pour t&rsquo;inscrire quand tu veux. Si tu pr\u00e9f\u00e8res ne pas utiliser tes mails, tu peux aussi t&rsquo;inscrire sur place au T-U aupr\u00e8s des b\u00e9n\u00e9voles qui sont l\u00e0 !<\/p>\n<\/div>\n<\/div>\n\n\n\n<p class=\"has-text-align-center\" style=\"font-size:18px\"><\/p>\n\n\n\n<h5 class=\"wp-block-heading has-text-align-center\" style=\"font-size:25px\"><span style=\"color:#952081\" class=\"tadv-color\">Tu peux aussi nous aider financi\u00e8rement :<\/span><\/h5>\n\n\n\n<p class=\"has-text-align-center\" style=\"font-size:18px\"><span class=\"tadv-color\" style=\"color:#000000\">Que tu sois membre ou pas du T-U, tu peux faire un don via ce <\/span><span class=\"tadv-color\" style=\"color:#942081\"><a href=\"https:\/\/www.helloasso.com\/associations\/le-trait-d-union\/formulaires\/1\">lien<\/a><\/span><span class=\"tadv-color\" style=\"color:#000000\"> !<\/span> Merci !!<\/p>\n\n\n\n<p><\/p>\n\n\n\n<p><\/p>\n","protected":false},"excerpt":{"rendered":"<p>Et moi ? Comment puis-je participer ? Pour commencer, tu peux venir au caf\u00e9 asso pour adh\u00e9rer (seulement 10\u20ac pour l&rsquo;ann\u00e9e avec une boisson offerte) ! En tant qu&rsquo;adh\u00e9rent(e) tu peux consommer au comptoir et recevoir notre programme chaque semaine. Tu peux aussi tenir un cr\u00e9neau derri\u00e8re le comptoir : [&hellip;]<\/p>\n","protected":false},"author":1,"featured_media":0,"parent":0,"menu_order":0,"comment_status":"closed","ping_status":"closed","template":"","meta":{"_seopress_robots_primary_cat":"","_seopress_titles_title":"","_seopress_titles_desc":"","_seopress_robots_index":"","footnotes":""},"class_list":["post-12","page","type-page","status-publish","hentry"],"yoast_head":"<!-- This site is optimized with the Yoast SEO plugin v27.4 - https:\/\/yoast.com\/product\/yoast-seo-wordpress\/ -->\n<title>Participer \u00e0 la vie du T-U - Le Trait d&#039;Union<\/title>\n<meta name=\"description\" content=\"Tu souhaite participer plus activement au fonctionnement du T-U, mais tu ne sais pas o\u00f9 te diriger ? toutes les infos sont ici !\" \/>\n<meta name=\"robots\" content=\"index, follow, max-snippet:-1, max-image-preview:large, max-video-preview:-1\" \/>\n<link rel=\"canonical\" href=\"https:\/\/letraitdunionbernay.fr\/?page_id=12\" \/>\n<meta property=\"og:locale\" content=\"fr_FR\" \/>\n<meta property=\"og:type\" content=\"article\" \/>\n<meta property=\"og:title\" content=\"Participer \u00e0 la vie du T-U - Le Trait d&#039;Union\" \/>\n<meta property=\"og:description\" content=\"Tu souhaite participer plus activement au fonctionnement du T-U, mais tu ne sais pas o\u00f9 te diriger ? toutes les infos sont ici !\" \/>\n<meta property=\"og:url\" content=\"https:\/\/letraitdunionbernay.fr\/?page_id=12\" \/>\n<meta property=\"og:site_name\" content=\"Le Trait d&#039;Union\" \/>\n<meta property=\"article:publisher\" content=\"https:\/\/www.facebook.com\/letraitdunionbernay\" \/>\n<meta property=\"article:modified_time\" content=\"2026-01-10T20:21:27+00:00\" \/>\n<meta name=\"twitter:card\" content=\"summary_large_image\" \/>\n<meta name=\"twitter:label1\" content=\"Dur\u00e9e de lecture estim\u00e9e\" \/>\n\t<meta name=\"twitter:data1\" content=\"2 minutes\" \/>\n<script type=\"application\/ld+json\" class=\"yoast-schema-graph\">{\"@context\":\"https:\\\/\\\/schema.org\",\"@graph\":[{\"@type\":\"WebPage\",\"@id\":\"https:\\\/\\\/letraitdunionbernay.fr\\\/?page_id=12\",\"url\":\"https:\\\/\\\/letraitdunionbernay.fr\\\/?page_id=12\",\"name\":\"Participer \u00e0 la vie du T-U - Le Trait d'Union\",\"isPartOf\":{\"@id\":\"https:\\\/\\\/letraitdunionbernay.fr\\\/#website\"},\"datePublished\":\"2022-10-07T08:42:35+00:00\",\"dateModified\":\"2026-01-10T20:21:27+00:00\",\"description\":\"Tu souhaite participer plus activement au fonctionnement du T-U, mais tu ne sais pas o\u00f9 te diriger ? toutes les infos sont ici !\",\"breadcrumb\":{\"@id\":\"https:\\\/\\\/letraitdunionbernay.fr\\\/?page_id=12#breadcrumb\"},\"inLanguage\":\"fr-FR\",\"potentialAction\":[{\"@type\":\"ReadAction\",\"target\":[\"https:\\\/\\\/letraitdunionbernay.fr\\\/?page_id=12\"]}]},{\"@type\":\"BreadcrumbList\",\"@id\":\"https:\\\/\\\/letraitdunionbernay.fr\\\/?page_id=12#breadcrumb\",\"itemListElement\":[{\"@type\":\"ListItem\",\"position\":1,\"name\":\"Accueil\",\"item\":\"https:\\\/\\\/letraitdunionbernay.fr\\\/\"},{\"@type\":\"ListItem\",\"position\":2,\"name\":\"Participer \u00e0 la vie du T-U\"}]},{\"@type\":\"WebSite\",\"@id\":\"https:\\\/\\\/letraitdunionbernay.fr\\\/#website\",\"url\":\"https:\\\/\\\/letraitdunionbernay.fr\\\/\",\"name\":\"Le Trait d'Union\",\"description\":\"Le Trait d'Union fait la force !\",\"publisher\":{\"@id\":\"https:\\\/\\\/letraitdunionbernay.fr\\\/#organization\"},\"potentialAction\":[{\"@type\":\"SearchAction\",\"target\":{\"@type\":\"EntryPoint\",\"urlTemplate\":\"https:\\\/\\\/letraitdunionbernay.fr\\\/?s={search_term_string}\"},\"query-input\":{\"@type\":\"PropertyValueSpecification\",\"valueRequired\":true,\"valueName\":\"search_term_string\"}}],\"inLanguage\":\"fr-FR\"},{\"@type\":\"Organization\",\"@id\":\"https:\\\/\\\/letraitdunionbernay.fr\\\/#organization\",\"name\":\"Le Trait d'Union\",\"url\":\"https:\\\/\\\/letraitdunionbernay.fr\\\/\",\"logo\":{\"@type\":\"ImageObject\",\"inLanguage\":\"fr-FR\",\"@id\":\"https:\\\/\\\/letraitdunionbernay.fr\\\/#\\\/schema\\\/logo\\\/image\\\/\",\"url\":\"https:\\\/\\\/letraitdunionbernay.fr\\\/wp-content\\\/uploads\\\/2022\\\/10\\\/cropped-logo-herve.png\",\"contentUrl\":\"https:\\\/\\\/letraitdunionbernay.fr\\\/wp-content\\\/uploads\\\/2022\\\/10\\\/cropped-logo-herve.png\",\"width\":1181,\"height\":1316,\"caption\":\"Le Trait d'Union\"},\"image\":{\"@id\":\"https:\\\/\\\/letraitdunionbernay.fr\\\/#\\\/schema\\\/logo\\\/image\\\/\"},\"sameAs\":[\"https:\\\/\\\/www.facebook.com\\\/letraitdunionbernay\",\"https:\\\/\\\/www.instagram.com\\\/letraitdunionbernay\\\/\"]}]}<\/script>\n<!-- \/ Yoast SEO plugin. -->","yoast_head_json":{"title":"Participer \u00e0 la vie du T-U - Le Trait d'Union","description":"Tu souhaite participer plus activement au fonctionnement du T-U, mais tu ne sais pas o\u00f9 te diriger ? toutes les infos sont ici !","robots":{"index":"index","follow":"follow","max-snippet":"max-snippet:-1","max-image-preview":"max-image-preview:large","max-video-preview":"max-video-preview:-1"},"canonical":"https:\/\/letraitdunionbernay.fr\/?page_id=12","og_locale":"fr_FR","og_type":"article","og_title":"Participer \u00e0 la vie du T-U - Le Trait d'Union","og_description":"Tu souhaite participer plus activement au fonctionnement du T-U, mais tu ne sais pas o\u00f9 te diriger ? toutes les infos sont ici !","og_url":"https:\/\/letraitdunionbernay.fr\/?page_id=12","og_site_name":"Le Trait d'Union","article_publisher":"https:\/\/www.facebook.com\/letraitdunionbernay","article_modified_time":"2026-01-10T20:21:27+00:00","twitter_card":"summary_large_image","twitter_misc":{"Dur\u00e9e de lecture estim\u00e9e":"2 minutes"},"schema":{"@context":"https:\/\/schema.org","@graph":[{"@type":"WebPage","@id":"https:\/\/letraitdunionbernay.fr\/?page_id=12","url":"https:\/\/letraitdunionbernay.fr\/?page_id=12","name":"Participer \u00e0 la vie du T-U - Le Trait d'Union","isPartOf":{"@id":"https:\/\/letraitdunionbernay.fr\/#website"},"datePublished":"2022-10-07T08:42:35+00:00","dateModified":"2026-01-10T20:21:27+00:00","description":"Tu souhaite participer plus activement au fonctionnement du T-U, mais tu ne sais pas o\u00f9 te diriger ? toutes les infos sont ici !","breadcrumb":{"@id":"https:\/\/letraitdunionbernay.fr\/?page_id=12#breadcrumb"},"inLanguage":"fr-FR","potentialAction":[{"@type":"ReadAction","target":["https:\/\/letraitdunionbernay.fr\/?page_id=12"]}]},{"@type":"BreadcrumbList","@id":"https:\/\/letraitdunionbernay.fr\/?page_id=12#breadcrumb","itemListElement":[{"@type":"ListItem","position":1,"name":"Accueil","item":"https:\/\/letraitdunionbernay.fr\/"},{"@type":"ListItem","position":2,"name":"Participer \u00e0 la vie du T-U"}]},{"@type":"WebSite","@id":"https:\/\/letraitdunionbernay.fr\/#website","url":"https:\/\/letraitdunionbernay.fr\/","name":"Le Trait d'Union","description":"Le Trait d'Union fait la force !","publisher":{"@id":"https:\/\/letraitdunionbernay.fr\/#organization"},"potentialAction":[{"@type":"SearchAction","target":{"@type":"EntryPoint","urlTemplate":"https:\/\/letraitdunionbernay.fr\/?s={search_term_string}"},"query-input":{"@type":"PropertyValueSpecification","valueRequired":true,"valueName":"search_term_string"}}],"inLanguage":"fr-FR"},{"@type":"Organization","@id":"https:\/\/letraitdunionbernay.fr\/#organization","name":"Le Trait d'Union","url":"https:\/\/letraitdunionbernay.fr\/","logo":{"@type":"ImageObject","inLanguage":"fr-FR","@id":"https:\/\/letraitdunionbernay.fr\/#\/schema\/logo\/image\/","url":"https:\/\/letraitdunionbernay.fr\/wp-content\/uploads\/2022\/10\/cropped-logo-herve.png","contentUrl":"https:\/\/letraitdunionbernay.fr\/wp-content\/uploads\/2022\/10\/cropped-logo-herve.png","width":1181,"height":1316,"caption":"Le Trait d'Union"},"image":{"@id":"https:\/\/letraitdunionbernay.fr\/#\/schema\/logo\/image\/"},"sameAs":["https:\/\/www.facebook.com\/letraitdunionbernay","https:\/\/www.instagram.com\/letraitdunionbernay\/"]}]}},"_links":{"self":[{"href":"https:\/\/letraitdunionbernay.fr\/index.php?rest_route=\/wp\/v2\/pages\/12","targetHints":{"allow":["GET"]}}],"collection":[{"href":"https:\/\/letraitdunionbernay.fr\/index.php?rest_route=\/wp\/v2\/pages"}],"about":[{"href":"https:\/\/letraitdunionbernay.fr\/index.php?rest_route=\/wp\/v2\/types\/page"}],"author":[{"embeddable":true,"href":"https:\/\/letraitdunionbernay.fr\/index.php?rest_route=\/wp\/v2\/users\/1"}],"replies":[{"embeddable":true,"href":"https:\/\/letraitdunionbernay.fr\/index.php?rest_route=%2Fwp%2Fv2%2Fcomments&post=12"}],"version-history":[{"count":0,"href":"https:\/\/letraitdunionbernay.fr\/index.php?rest_route=\/wp\/v2\/pages\/12\/revisions"}],"wp:attachment":[{"href":"https:\/\/letraitdunionbernay.fr\/index.php?rest_route=%2Fwp%2Fv2%2Fmedia&parent=12"}],"curies":[{"name":"wp","href":"https:\/\/api.w.org\/{rel}","templated":true}]}}